{"id":89,"date":"2016-08-30T09:42:55","date_gmt":"2016-08-30T07:42:55","guid":{"rendered":"http:\/\/www.b-herz-t.de\/?page_id=89"},"modified":"2016-08-31T20:20:03","modified_gmt":"2016-08-31T18:20:03","slug":"be-a-crea","status":"publish","type":"page","link":"https:\/\/www.b-herz-t.de\/?page_id=89","title":{"rendered":"Be a Crea"},"content":{"rendered":"<h1 style=\"text-align: left;\"><span style=\"color: #ff0000;\">Weitere kreative Ideen, die das Herz erstrahlen lassen<\/span><\/h1>\n<p style=\"text-align: justify;\"><span style=\"color: #ff0000;\">Be a Crea<\/span>(tive), also die Aufforderung &#8222;Sei ein Kreativer&#8220; ist genau das, was ich hier zeigen m\u00f6chte. Und zwar gilt diese Aufforderung f\u00fcr Sie, meine Kunden. Tolle Ideen durfte ich bereits umsetzen und freu mich auf Ihre\u00a0kreativen Ideen f\u00fcr\u00a0sch\u00f6ne Dinge aus Leder (oder auch anderen Materialien).\u00a0Sie finden unten ein paar\u00a0Beispiele f\u00fcr frei von meinen Kunden definierten Projekten, bei denen ich bestickte, handgen\u00e4hte Kissen, selbst gen\u00e4hte Taschen mit aufwendigen Stickereien oder individuelle Sonderw\u00fcnsche erarbeitet habe. Viel Spa\u00df und &#8222;Be a Crea&#8220;.<\/p>\n<p style=\"text-align: justify;\">Ihre Bea Crea<\/p>\n<p style=\"text-align: justify;\"><style type=\"text\/css\">\r\n\t#slgf_221 .gallery1 {\r\n\t\tdisplay: block !important;\r\n\t\twidth: 100% !important;\r\n\t\tmargin: 0 -5px !important; \/* Offset padding *\/\r\n\t}\r\n\t\r\n\t\/* Clearfix for container *\/\r\n\t#slgf_221 .gallery1:after {\r\n\t\tcontent: '';\r\n\t\tdisplay: block;\r\n\t\tclear: both;\r\n\t}\r\n\r\n\t#slgf_221 .wl-gallery {\r\n\t\tfloat: left !important;\r\n\t\tbox-sizing: border-box !important;\r\n\t\tpadding: 0 5px 10px 5px !important; \/* Horizontal padding + bottom margin *\/\r\n\t\tmargin: 0 !important;\r\n\t}\r\n\r\n\t\/* Two Column Layout *\/\r\n\t#slgf_221 .col-md-6 {\r\n\t\twidth: 50% !important;\r\n\t}\r\n\r\n\t\/* Three Column Layout *\/\r\n\t#slgf_221 .col-md-4 {\r\n\t\twidth: 33.33% !important;\r\n\t}\r\n\r\n\t#slgf_221 .col-md-3 {\r\n\t\twidth: 25% !important;\r\n\t}\r\n\r\n\t#slgf_221 .col-md-2 {\r\n\t\twidth: 16.66% !important;\r\n\t}\r\n\r\n\t#slgf_221 .b-link-stroke .b-top-line {\r\n\t\tbackground: rgba(10, 194, 210, 0.5);\r\n\t}\r\n\r\n\t#slgf_221 .b-link-stroke .b-bottom-line {\r\n\t\tbackground: rgba(10, 194, 210, 0.5);\r\n\t}\r\n\r\n\t#slgf_221 .b-wrapper {\r\n\t\tfont-family: font-name;\r\n\t}\r\n\r\n\t#slgf_221 .slgf_home_portfolio_caption {\r\n\t\tbackground: #FFFFFF;\r\n\t}\r\n\r\n\t#slgf_221 .slgf_home_portfolio_caption h3 {\r\n\t\tcolor: #000000;\r\n\t}\r\n\r\n\t#slgf_221 .slg_title_class {\r\n\t\tfont-weight: bolder;\r\n\t\tpadding-bottom: 20px;\r\n\t\tborder-bottom: 2px solid #cccccc;\r\n\t\tmargin-bottom: 20px;\r\n\t\tfont-family: font-name;\r\n\t\tcolor: #2271b1;\r\n\t}\r\n\t.fnf {\r\n\tbackground-color: #a92929;\r\n\tborder-radius: 5px;\r\n\tcolor: #fff;\r\n\tfont-family: initial;\r\n\ttext-align: center;\r\n\tpadding: 12px;\r\n\t}\r\n\t#slgf_221 .img-box-shadow { box-shadow: 0 0 6px rgba(0, 0, 0, .7); }<\/style>\t\r\n\t<div class=\"gal-container\" id=\"slgf_221\">\r\n\t\t\t\t\t<!--get the post id-->\r\n\t\t\t\r\n\t\t\t<!--Gallery Title-->\r\n\t\t\t\t\t\t\t<div class=\"slg_title_class\">\r\n\t\t\t\t\tFoto Gallerie Be a Crea\t\t\t\t<\/div>\r\n\t\t\t\t\t\t<div class=\"row\">\r\n\r\n\t\t\t\t<div class=\"gallery1 lightgallery_221\">\r\n\t\t\t\t\t\t\t\t\t<\/div>\r\n\t\t\t<\/div>\r\n\t\t\t<\/div>\r\n\r\n\t<!-- Swipe Box-->\r\n\t<\/p>\n<p style=\"text-align: justify;\"><span><a href=\"?page_id=36\" target=\"\" class=\"progression-small or progression-medium or progression-large progression-grey\">Kontakt\u00a0aufnehmen<\/a><\/span><\/p>\n","protected":false},"excerpt":{"rendered":"<p>Weitere kreative Ideen, die das Herz erstrahlen lassen Be a Crea(tive), also die Aufforderung &#8222;Sei ein Kreativer&#8220; ist genau das, was ich hier zeigen m\u00f6chte. Und zwar gilt diese Aufforderung f\u00fcr Sie, meine Kunden. Tolle Ideen durfte ich bereits umsetzen und freu mich auf Ihre\u00a0kreativen Ideen f\u00fcr\u00a0sch\u00f6ne Dinge aus Leder (oder auch anderen Materialien).\u00a0Sie finden [&hellip;]<\/p>\n","protected":false},"author":1,"featured_media":0,"parent":0,"menu_order":0,"comment_status":"closed","ping_status":"closed","template":"","meta":[],"yoast_head":"<!-- This site is optimized with the Yoast SEO plugin v17.9 - https:\/\/yoast.com\/wordpress\/plugins\/seo\/ -->\n<meta name=\"robots\" content=\"noindex, follow, max-snippet:-1, max-image-preview:large, max-video-preview:-1\" \/>\n<meta property=\"og:locale\" content=\"de_DE\" \/>\n<meta property=\"og:type\" content=\"article\" \/>\n<meta property=\"og:title\" content=\"Be a Crea - Bestickte Krabbelpuschen &amp; Schl\u00fcsselb\u00e4nder aus Leder\" \/>\n<meta property=\"og:description\" content=\"Weitere kreative Ideen, die das Herz erstrahlen lassen Be a Crea(tive), also die Aufforderung &#8222;Sei ein Kreativer&#8220; ist genau das, was ich hier zeigen m\u00f6chte. Und zwar gilt diese Aufforderung f\u00fcr Sie, meine Kunden. Tolle Ideen durfte ich bereits umsetzen und freu mich auf Ihre\u00a0kreativen Ideen f\u00fcr\u00a0sch\u00f6ne Dinge aus Leder (oder auch anderen Materialien).\u00a0Sie finden [&hellip;]\" \/>\n<meta property=\"og:url\" content=\"http:\/\/www.b-herz-t.de\/?page_id=89\" \/>\n<meta property=\"og:site_name\" content=\"Bestickte Krabbelpuschen &amp; Schl\u00fcsselb\u00e4nder aus Leder\" \/>\n<meta property=\"article:modified_time\" content=\"2016-08-31T18:20:03+00:00\" \/>\n<meta name=\"twitter:card\" content=\"summary\" \/>\n<meta name=\"twitter:label1\" content=\"Gesch\u00e4tzte Lesezeit\" \/>\n\t<meta name=\"twitter:data1\" content=\"1\u00a0Minute\" \/>\n<script type=\"application\/ld+json\" class=\"yoast-schema-graph\">{\"@context\":\"https:\/\/schema.org\",\"@graph\":[{\"@type\":\"WebSite\",\"@id\":\"https:\/\/www.b-herz-t.de\/#website\",\"url\":\"https:\/\/www.b-herz-t.de\/\",\"name\":\"Bestickte Krabbelpuschen &amp; Schl\\u00fcsselb\\u00e4nder aus Leder\",\"description\":\"Ideenschmiede &amp; Manufaktur individueller &amp; sch\\u00f6ner Dinge aus Leder\",\"potentialAction\":[{\"@type\":\"SearchAction\",\"target\":{\"@type\":\"EntryPoint\",\"urlTemplate\":\"https:\/\/www.b-herz-t.de\/?s={search_term_string}\"},\"query-input\":\"required name=search_term_string\"}],\"inLanguage\":\"de\"},{\"@type\":\"WebPage\",\"@id\":\"http:\/\/www.b-herz-t.de\/?page_id=89#webpage\",\"url\":\"http:\/\/www.b-herz-t.de\/?page_id=89\",\"name\":\"Be a Crea - Bestickte Krabbelpuschen &amp; Schl\\u00fcsselb\\u00e4nder aus Leder\",\"isPartOf\":{\"@id\":\"https:\/\/www.b-herz-t.de\/#website\"},\"datePublished\":\"2016-08-30T07:42:55+00:00\",\"dateModified\":\"2016-08-31T18:20:03+00:00\",\"breadcrumb\":{\"@id\":\"http:\/\/www.b-herz-t.de\/?page_id=89#breadcrumb\"},\"inLanguage\":\"de\",\"potentialAction\":[{\"@type\":\"ReadAction\",\"target\":[\"http:\/\/www.b-herz-t.de\/?page_id=89\"]}]},{\"@type\":\"BreadcrumbList\",\"@id\":\"http:\/\/www.b-herz-t.de\/?page_id=89#breadcrumb\",\"itemListElement\":[{\"@type\":\"ListItem\",\"position\":1,\"name\":\"Startseite\",\"item\":\"https:\/\/www.b-herz-t.de\/\"},{\"@type\":\"ListItem\",\"position\":2,\"name\":\"Be a Crea\"}]}]}<\/script>\n<!-- \/ Yoast SEO plugin. -->","yoast_head_json":{"robots":{"index":"noindex","follow":"follow","max-snippet":"max-snippet:-1","max-image-preview":"max-image-preview:large","max-video-preview":"max-video-preview:-1"},"og_locale":"de_DE","og_type":"article","og_title":"Be a Crea - Bestickte Krabbelpuschen &amp; Schl\u00fcsselb\u00e4nder aus Leder","og_description":"Weitere kreative Ideen, die das Herz erstrahlen lassen Be a Crea(tive), also die Aufforderung &#8222;Sei ein Kreativer&#8220; ist genau das, was ich hier zeigen m\u00f6chte. Und zwar gilt diese Aufforderung f\u00fcr Sie, meine Kunden. Tolle Ideen durfte ich bereits umsetzen und freu mich auf Ihre\u00a0kreativen Ideen f\u00fcr\u00a0sch\u00f6ne Dinge aus Leder (oder auch anderen Materialien).\u00a0Sie finden [&hellip;]","og_url":"http:\/\/www.b-herz-t.de\/?page_id=89","og_site_name":"Bestickte Krabbelpuschen &amp; Schl\u00fcsselb\u00e4nder aus Leder","article_modified_time":"2016-08-31T18:20:03+00:00","twitter_card":"summary","twitter_misc":{"Gesch\u00e4tzte Lesezeit":"1\u00a0Minute"},"schema":{"@context":"https:\/\/schema.org","@graph":[{"@type":"WebSite","@id":"https:\/\/www.b-herz-t.de\/#website","url":"https:\/\/www.b-herz-t.de\/","name":"Bestickte Krabbelpuschen &amp; Schl\u00fcsselb\u00e4nder aus Leder","description":"Ideenschmiede &amp; Manufaktur individueller &amp; sch\u00f6ner Dinge aus Leder","potentialAction":[{"@type":"SearchAction","target":{"@type":"EntryPoint","urlTemplate":"https:\/\/www.b-herz-t.de\/?s={search_term_string}"},"query-input":"required name=search_term_string"}],"inLanguage":"de"},{"@type":"WebPage","@id":"http:\/\/www.b-herz-t.de\/?page_id=89#webpage","url":"http:\/\/www.b-herz-t.de\/?page_id=89","name":"Be a Crea - Bestickte Krabbelpuschen &amp; Schl\u00fcsselb\u00e4nder aus Leder","isPartOf":{"@id":"https:\/\/www.b-herz-t.de\/#website"},"datePublished":"2016-08-30T07:42:55+00:00","dateModified":"2016-08-31T18:20:03+00:00","breadcrumb":{"@id":"http:\/\/www.b-herz-t.de\/?page_id=89#breadcrumb"},"inLanguage":"de","potentialAction":[{"@type":"ReadAction","target":["http:\/\/www.b-herz-t.de\/?page_id=89"]}]},{"@type":"BreadcrumbList","@id":"http:\/\/www.b-herz-t.de\/?page_id=89#breadcrumb","itemListElement":[{"@type":"ListItem","position":1,"name":"Startseite","item":"https:\/\/www.b-herz-t.de\/"},{"@type":"ListItem","position":2,"name":"Be a Crea"}]}]}},"_links":{"self":[{"href":"https:\/\/www.b-herz-t.de\/index.php?rest_route=\/wp\/v2\/pages\/89"}],"collection":[{"href":"https:\/\/www.b-herz-t.de\/index.php?rest_route=\/wp\/v2\/pages"}],"about":[{"href":"https:\/\/www.b-herz-t.de\/index.php?rest_route=\/wp\/v2\/types\/page"}],"author":[{"embeddable":true,"href":"https:\/\/www.b-herz-t.de\/index.php?rest_route=\/wp\/v2\/users\/1"}],"replies":[{"embeddable":true,"href":"https:\/\/www.b-herz-t.de\/index.php?rest_route=%2Fwp%2Fv2%2Fcomments&post=89"}],"version-history":[{"count":10,"href":"https:\/\/www.b-herz-t.de\/index.php?rest_route=\/wp\/v2\/pages\/89\/revisions"}],"predecessor-version":[{"id":228,"href":"https:\/\/www.b-herz-t.de\/index.php?rest_route=\/wp\/v2\/pages\/89\/revisions\/228"}],"wp:attachment":[{"href":"https:\/\/www.b-herz-t.de\/index.php?rest_route=%2Fwp%2Fv2%2Fmedia&parent=89"}],"curies":[{"name":"wp","href":"https:\/\/api.w.org\/{rel}","templated":true}]}}