{"id":81,"date":"2016-08-29T19:24:42","date_gmt":"2016-08-29T17:24:42","guid":{"rendered":"http:\/\/www.b-herz-t.de\/?page_id=81"},"modified":"2019-06-17T10:10:21","modified_gmt":"2019-06-17T08:10:21","slug":"groessen-preise","status":"publish","type":"page","link":"https:\/\/www.b-herz-t.de\/?page_id=81","title":{"rendered":"Gr\u00f6\u00dfen &#038; Preise"},"content":{"rendered":"<h2 style=\"text-align: justify;\"><span style=\"color: #ff0000;\">Gr\u00f6\u00dfen<\/span><\/h2>\n<p><!--more--><\/p>\n<h3 style=\"text-align: justify;\">Krabbelpuschen<\/h3>\n<p style=\"text-align: justify;\">Die Krabbelpuschen sind handgefertigt. Daher kann es immer wieder zu (leichten) Abweichungen kommen. Die Sch\u00fchchen k\u00f6nnen bei Bestellung ruhig 1 &#8211; 1,5 cm gr\u00f6\u00dfer sein als der Fu\u00df des Kindes (Dies ist bei meinen angegebenen Gr\u00f6\u00dfen schon ber\u00fccksichtigt). Kinderf\u00fc\u00dfe wachsen sehr schnell in die Krabbelpuschen hinein &#8211; und wieder heraus :-). Der Fu\u00df rutscht beim Laufen nach vorne und die kleine Wachstumsreserve an der Ferse st\u00f6rt sie nicht. <span class=\"bold\">Ich biete die Krabbelpuschen nur bis Gr\u00f6\u00dfe 30 an!<\/span><\/p>\n<div id=\"content01links\" style=\"text-align: justify;\">\n<table style=\"height: 103px;\" width=\"320\">\n<tbody>\n<tr>\n<td style=\"text-align: center;\" colspan=\"4\" width=\"320\">Gr\u00f6\u00dfenangaben f\u00fcr Krabbelpuschen<\/td>\n<\/tr>\n<tr>\n<td style=\"text-align: center;\" width=\"80\">Fu\u00dfl\u00e4nge ab:<\/td>\n<td style=\"text-align: center;\" width=\"80\">Schuhgr\u00f6\u00dfe<\/td>\n<td style=\"text-align: center;\" width=\"80\">Fu\u00dfl\u00e4nge ab:<\/td>\n<td style=\"text-align: center;\" width=\"80\">Schuhgr\u00f6\u00dfe<\/td>\n<\/tr>\n<tr>\n<td style=\"text-align: center;\" width=\"80\">9,0 cm<\/td>\n<td style=\"text-align: center;\" width=\"80\">15<\/td>\n<td style=\"text-align: center;\" width=\"80\">14,0 cm<\/td>\n<td style=\"text-align: center;\" width=\"80\">23<\/td>\n<\/tr>\n<tr>\n<td style=\"text-align: center;\" width=\"80\">9,7 cm<\/td>\n<td style=\"text-align: center;\" width=\"80\">16<\/td>\n<td style=\"text-align: center;\" width=\"80\">14,7 cm<\/td>\n<td style=\"text-align: center;\" width=\"80\">24<\/td>\n<\/tr>\n<tr>\n<td style=\"text-align: center;\" width=\"80\">10,0 cm<\/td>\n<td style=\"text-align: center;\" width=\"80\">17<\/td>\n<td style=\"text-align: center;\" width=\"80\">15,4 cm<\/td>\n<td style=\"text-align: center;\" width=\"80\">25<\/td>\n<\/tr>\n<tr>\n<td style=\"text-align: center;\" width=\"80\">10,7 cm<\/td>\n<td style=\"text-align: center;\" width=\"80\">18<\/td>\n<td style=\"text-align: center;\" width=\"80\">16,0 cm<\/td>\n<td style=\"text-align: center;\" width=\"80\">26<\/td>\n<\/tr>\n<tr>\n<td style=\"text-align: center;\" width=\"80\">11,4 cm<\/td>\n<td style=\"text-align: center;\" width=\"80\">19<\/td>\n<td style=\"text-align: center;\" width=\"80\">16,7 cm<\/td>\n<td style=\"text-align: center;\" width=\"80\">27<\/td>\n<\/tr>\n<tr>\n<td style=\"text-align: center;\" width=\"80\">12,0 cm<\/td>\n<td style=\"text-align: center;\" width=\"80\">20<\/td>\n<td style=\"text-align: center;\" width=\"80\">17,4 cm<\/td>\n<td style=\"text-align: center;\" width=\"80\">28<\/td>\n<\/tr>\n<tr>\n<td style=\"text-align: center;\" width=\"80\">12,7 cm<\/td>\n<td style=\"text-align: center;\" width=\"80\">21<\/td>\n<td style=\"text-align: center;\" width=\"80\">18,0 cm<\/td>\n<td style=\"text-align: center;\" width=\"80\">29<\/td>\n<\/tr>\n<tr>\n<td style=\"text-align: center;\" width=\"80\">13,4 cm<\/td>\n<td style=\"text-align: center;\" width=\"80\">22<\/td>\n<td style=\"text-align: center;\" width=\"80\">18,7 cm<\/td>\n<td style=\"text-align: center;\" width=\"80\">30<\/td>\n<\/tr>\n<\/tbody>\n<\/table>\n<h2><span style=\"color: #ff0000;\">Preise<\/span><\/h2>\n<\/div>\n<div id=\"content01links\" style=\"text-align: justify;\">\n<div id=\"content02links\">\n<h3>Krabbelpuschen<\/h3>\n<p>Der Endpreis f\u00fcr ein Paar\u00a0Puschen setzt sich zusammen aus dem Grundpreis f\u00fcr den Schuh zzgl. dem Preis f\u00fcr die Applikation bzw. das Stickmotiv. Eventuell anfallende Versandkosten finden Sie in unseren AGBs.<\/p>\n<table style=\"height: 103px;\" width=\"320\">\n<tbody>\n<tr>\n<td style=\"text-align: center;\" colspan=\"4\" width=\"320\">Grundpreise f\u00fcr ein Paar Krabbelpuschen<\/td>\n<\/tr>\n<tr>\n<td style=\"text-align: center;\" width=\"80\">Gr\u00f6\u00dfe<\/td>\n<td style=\"text-align: center;\" width=\"80\">Preis<\/td>\n<td style=\"text-align: center;\" width=\"80\">Gr\u00f6\u00dfe<\/td>\n<td style=\"text-align: center;\" width=\"80\">Preis<\/td>\n<\/tr>\n<tr>\n<td style=\"text-align: center;\" width=\"80\">15<\/td>\n<td style=\"text-align: center;\" width=\"80\">18,00 \u20ac<\/td>\n<td style=\"text-align: center;\" width=\"80\">23<\/td>\n<td style=\"text-align: center;\" width=\"80\">22,00 \u20ac<\/td>\n<\/tr>\n<tr>\n<td style=\"text-align: center;\" width=\"80\">16<\/td>\n<td style=\"text-align: center;\" width=\"80\">18,00 \u20ac<\/td>\n<td style=\"text-align: center;\" width=\"80\">24<\/td>\n<td style=\"text-align: center;\" width=\"80\">24,00 \u20ac<\/td>\n<\/tr>\n<tr>\n<td style=\"text-align: center;\" width=\"80\">17<\/td>\n<td style=\"text-align: center;\" width=\"80\">18,00 \u20ac<\/td>\n<td style=\"text-align: center;\" width=\"80\">25<\/td>\n<td style=\"text-align: center;\" width=\"80\">24,00 \u20ac<\/td>\n<\/tr>\n<tr>\n<td style=\"text-align: center;\" width=\"80\">18<\/td>\n<td style=\"text-align: center;\" width=\"80\">20,00 \u20ac<\/td>\n<td style=\"text-align: center;\" width=\"80\">26<\/td>\n<td style=\"text-align: center;\" width=\"80\">25,00 \u20ac<\/td>\n<\/tr>\n<tr>\n<td style=\"text-align: center;\" width=\"80\">19<\/td>\n<td style=\"text-align: center;\" width=\"80\">20,00 \u20ac<\/td>\n<td style=\"text-align: center;\" width=\"80\">27<\/td>\n<td style=\"text-align: center;\" width=\"80\">25,00 \u20ac<\/td>\n<\/tr>\n<tr>\n<td style=\"text-align: center;\" width=\"80\">20<\/td>\n<td style=\"text-align: center;\" width=\"80\">21,00 \u20ac<\/td>\n<td style=\"text-align: center;\" width=\"80\">28<\/td>\n<td style=\"text-align: center;\" width=\"80\">27,00 \u20ac<\/td>\n<\/tr>\n<tr>\n<td style=\"text-align: center;\" width=\"80\">21<\/td>\n<td style=\"text-align: center;\" width=\"80\">21,00 \u20ac<\/td>\n<td style=\"text-align: center;\" width=\"80\">29<\/td>\n<td style=\"text-align: center;\" width=\"80\">27,00 \u20ac<\/td>\n<\/tr>\n<tr>\n<td style=\"text-align: center;\" width=\"80\">22<\/td>\n<td style=\"text-align: center;\" width=\"80\">22,00 \u20ac<\/td>\n<td style=\"text-align: center;\" width=\"80\">30<\/td>\n<td style=\"text-align: center;\" width=\"80\">27,00 \u20ac<\/td>\n<\/tr>\n<\/tbody>\n<\/table>\n<\/div>\n<\/div>\n<h3 style=\"text-align: justify;\"><\/h3>\n<h3 style=\"text-align: justify;\">Schl\u00fcsselb\u00e4nder<\/h3>\n<p style=\"text-align: justify;\">Ein Schl\u00fcsselband mit einem Namen\u00a0kostet bei mir\u00a012 Euro. F\u00fcr jeden weiteren Namen kommen 2 Euro dazu.\u00a0Stickmotive werden bei mir nicht extra berechnet. Optional k\u00f6nnen Sie auch dazu Herzen, Sterne oder Bl\u00fcten\u00a0gestanzt bekommen.\u00a0Weiter k\u00f6nnen Sie zwischen Ringen und Herz Verschluss w\u00e4hlen. Sie k\u00f6nnen somit Ihr ganz pers\u00f6nliches Unikat herstellen lassen.\u00a0Eventuell anfallende Versandkosten finden Sie in\u00a0meinen AGBs.<\/p>\n<p style=\"text-align: justify;\">Armband &#8211; Notfallband<\/p>\n<p style=\"text-align: justify;\">F\u00fcr ein Kinderarmband einfach geschnitten mit Druckknopf welches mit einem Namen bestickt wird zahlen Sie 6\u20ac. Sie k\u00f6nnen solch ein Band auch mit Ihrer Handynummer bestickt zu einem Notfallarmband gestalten.<\/p>\n<p>SOS Armb\u00e4nder die zweiseitig bestickt und umn\u00e4ht werden. Auf der einen Seite steht SOS oder ein Name mit kleinem Pictogramm, auf der R\u00fcckseite steht bestickt eine Notrufnummern. Diese SOS Armb\u00e4nder werden mit Druckkn\u00f6pfen verschlossen und kosten 12\u20ac .<\/p>\n<p style=\"text-align: justify;\"><span><a href=\"?page_id=36\" target=\"\" class=\"progression-small or progression-medium or progression-large progression-grey\">Kontakt\u00a0aufnehmen<\/a><\/span><\/p>\n","protected":false},"excerpt":{"rendered":"<p>Gr\u00f6\u00dfen<\/p>\n","protected":false},"author":1,"featured_media":0,"parent":0,"menu_order":0,"comment_status":"closed","ping_status":"closed","template":"","meta":[],"yoast_head":"<!-- This site is optimized with the Yoast SEO plugin v17.9 - https:\/\/yoast.com\/wordpress\/plugins\/seo\/ -->\n<meta name=\"robots\" content=\"noindex, follow, max-snippet:-1, max-image-preview:large, max-video-preview:-1\" \/>\n<meta property=\"og:locale\" content=\"de_DE\" \/>\n<meta property=\"og:type\" content=\"article\" \/>\n<meta property=\"og:title\" content=\"Gr\u00f6\u00dfen &amp; Preise - Bestickte Krabbelpuschen &amp; Schl\u00fcsselb\u00e4nder aus Leder\" \/>\n<meta property=\"og:description\" content=\"Gr\u00f6\u00dfen\" \/>\n<meta property=\"og:url\" content=\"http:\/\/www.b-herz-t.de\/?page_id=81\" \/>\n<meta property=\"og:site_name\" content=\"Bestickte Krabbelpuschen &amp; Schl\u00fcsselb\u00e4nder aus Leder\" \/>\n<meta property=\"article:modified_time\" content=\"2019-06-17T08:10:21+00:00\" \/>\n<meta name=\"twitter:card\" content=\"summary\" \/>\n<meta name=\"twitter:label1\" content=\"Gesch\u00e4tzte Lesezeit\" \/>\n\t<meta name=\"twitter:data1\" content=\"2\u00a0Minuten\" \/>\n<script type=\"application\/ld+json\" class=\"yoast-schema-graph\">{\"@context\":\"https:\/\/schema.org\",\"@graph\":[{\"@type\":\"WebSite\",\"@id\":\"https:\/\/www.b-herz-t.de\/#website\",\"url\":\"https:\/\/www.b-herz-t.de\/\",\"name\":\"Bestickte Krabbelpuschen &amp; Schl\\u00fcsselb\\u00e4nder aus Leder\",\"description\":\"Ideenschmiede &amp; Manufaktur individueller &amp; sch\\u00f6ner Dinge aus Leder\",\"potentialAction\":[{\"@type\":\"SearchAction\",\"target\":{\"@type\":\"EntryPoint\",\"urlTemplate\":\"https:\/\/www.b-herz-t.de\/?s={search_term_string}\"},\"query-input\":\"required name=search_term_string\"}],\"inLanguage\":\"de\"},{\"@type\":\"WebPage\",\"@id\":\"http:\/\/www.b-herz-t.de\/?page_id=81#webpage\",\"url\":\"http:\/\/www.b-herz-t.de\/?page_id=81\",\"name\":\"Gr\\u00f6\\u00dfen & Preise - Bestickte Krabbelpuschen &amp; Schl\\u00fcsselb\\u00e4nder aus Leder\",\"isPartOf\":{\"@id\":\"https:\/\/www.b-herz-t.de\/#website\"},\"datePublished\":\"2016-08-29T17:24:42+00:00\",\"dateModified\":\"2019-06-17T08:10:21+00:00\",\"breadcrumb\":{\"@id\":\"http:\/\/www.b-herz-t.de\/?page_id=81#breadcrumb\"},\"inLanguage\":\"de\",\"potentialAction\":[{\"@type\":\"ReadAction\",\"target\":[\"http:\/\/www.b-herz-t.de\/?page_id=81\"]}]},{\"@type\":\"BreadcrumbList\",\"@id\":\"http:\/\/www.b-herz-t.de\/?page_id=81#breadcrumb\",\"itemListElement\":[{\"@type\":\"ListItem\",\"position\":1,\"name\":\"Startseite\",\"item\":\"https:\/\/www.b-herz-t.de\/\"},{\"@type\":\"ListItem\",\"position\":2,\"name\":\"Gr\\u00f6\\u00dfen &#038; Preise\"}]}]}<\/script>\n<!-- \/ Yoast SEO plugin. -->","yoast_head_json":{"robots":{"index":"noindex","follow":"follow","max-snippet":"max-snippet:-1","max-image-preview":"max-image-preview:large","max-video-preview":"max-video-preview:-1"},"og_locale":"de_DE","og_type":"article","og_title":"Gr\u00f6\u00dfen & Preise - Bestickte Krabbelpuschen &amp; Schl\u00fcsselb\u00e4nder aus Leder","og_description":"Gr\u00f6\u00dfen","og_url":"http:\/\/www.b-herz-t.de\/?page_id=81","og_site_name":"Bestickte Krabbelpuschen &amp; Schl\u00fcsselb\u00e4nder aus Leder","article_modified_time":"2019-06-17T08:10:21+00:00","twitter_card":"summary","twitter_misc":{"Gesch\u00e4tzte Lesezeit":"2\u00a0Minuten"},"schema":{"@context":"https:\/\/schema.org","@graph":[{"@type":"WebSite","@id":"https:\/\/www.b-herz-t.de\/#website","url":"https:\/\/www.b-herz-t.de\/","name":"Bestickte Krabbelpuschen &amp; Schl\u00fcsselb\u00e4nder aus Leder","description":"Ideenschmiede &amp; Manufaktur individueller &amp; sch\u00f6ner Dinge aus Leder","potentialAction":[{"@type":"SearchAction","target":{"@type":"EntryPoint","urlTemplate":"https:\/\/www.b-herz-t.de\/?s={search_term_string}"},"query-input":"required name=search_term_string"}],"inLanguage":"de"},{"@type":"WebPage","@id":"http:\/\/www.b-herz-t.de\/?page_id=81#webpage","url":"http:\/\/www.b-herz-t.de\/?page_id=81","name":"Gr\u00f6\u00dfen & Preise - Bestickte Krabbelpuschen &amp; Schl\u00fcsselb\u00e4nder aus Leder","isPartOf":{"@id":"https:\/\/www.b-herz-t.de\/#website"},"datePublished":"2016-08-29T17:24:42+00:00","dateModified":"2019-06-17T08:10:21+00:00","breadcrumb":{"@id":"http:\/\/www.b-herz-t.de\/?page_id=81#breadcrumb"},"inLanguage":"de","potentialAction":[{"@type":"ReadAction","target":["http:\/\/www.b-herz-t.de\/?page_id=81"]}]},{"@type":"BreadcrumbList","@id":"http:\/\/www.b-herz-t.de\/?page_id=81#breadcrumb","itemListElement":[{"@type":"ListItem","position":1,"name":"Startseite","item":"https:\/\/www.b-herz-t.de\/"},{"@type":"ListItem","position":2,"name":"Gr\u00f6\u00dfen &#038; Preise"}]}]}},"_links":{"self":[{"href":"https:\/\/www.b-herz-t.de\/index.php?rest_route=\/wp\/v2\/pages\/81"}],"collection":[{"href":"https:\/\/www.b-herz-t.de\/index.php?rest_route=\/wp\/v2\/pages"}],"about":[{"href":"https:\/\/www.b-herz-t.de\/index.php?rest_route=\/wp\/v2\/types\/page"}],"author":[{"embeddable":true,"href":"https:\/\/www.b-herz-t.de\/index.php?rest_route=\/wp\/v2\/users\/1"}],"replies":[{"embeddable":true,"href":"https:\/\/www.b-herz-t.de\/index.php?rest_route=%2Fwp%2Fv2%2Fcomments&post=81"}],"version-history":[{"count":25,"href":"https:\/\/www.b-herz-t.de\/index.php?rest_route=\/wp\/v2\/pages\/81\/revisions"}],"predecessor-version":[{"id":357,"href":"https:\/\/www.b-herz-t.de\/index.php?rest_route=\/wp\/v2\/pages\/81\/revisions\/357"}],"wp:attachment":[{"href":"https:\/\/www.b-herz-t.de\/index.php?rest_route=%2Fwp%2Fv2%2Fmedia&parent=81"}],"curies":[{"name":"wp","href":"https:\/\/api.w.org\/{rel}","templated":true}]}}