{"id":42,"date":"2016-08-29T18:14:10","date_gmt":"2016-08-29T16:14:10","guid":{"rendered":"http:\/\/www.b-herz-t.de\/?page_id=42"},"modified":"2016-08-31T14:14:42","modified_gmt":"2016-08-31T12:14:42","slug":"agb","status":"publish","type":"page","link":"https:\/\/www.b-herz-t.de\/?page_id=42","title":{"rendered":"AGB"},"content":{"rendered":"<p style=\"text-align: justify;\">Es gelten die gestzlichen Bestimmungen nach deutschem Recht.<\/p>\n<h1 style=\"text-align: justify;\"><span style=\"color: #ff0000;\"><strong>Lieferung und Preise<\/strong><\/span><\/h1>\n<p style=\"text-align: justify;\">Alle Angebote sind bez\u00fcglich Preis, Menge, Lieferzeiten stets freibleibend. Die Preise setzen sich aus dem der Gr\u00f6\u00dfe entsprechenden Grundschuh, Applikation bzw. Stickmotiv und evtl. eingesticktem Namen zzgl. Porto zusammen. Die Mehrwertsteuer kann auf Rechnungen nicht ausgewiesen werden, da eine Kleinunternehmer-Regelung besteht. Es sind jeweils die bei Bestellungseingang g\u00fcltigen Preise ma\u00dfgebend. Dem Versand der Krabbelpuschen liegt eine Rechnung anbei die sofort nach Erhalt zu begleichen ist. Bei Abholung wird die Ware bar bezahlt Das Porto wird gesondert berechnet und die Ware mit der Deutschen Post als Gro\u00dfbrief, Maxibrief oder P\u00e4ckchen unversichert versendet, es gelten die angegebenen Versandpauschalen. Sollte eine Rechnung vom Auftraggeber nicht beglichen werden, tr\u00e4gt dieser s\u00e4mtliche Folgekosten. Bitte senden Sie kein Geld per Post, daf\u00fcr \u00fcbernehme ich keine Haftung!!!<\/p>\n<h1 style=\"text-align: justify;\"><span style=\"color: #ff0000;\"><strong>Versandkosten<\/strong><\/span><\/h1>\n<p style=\"text-align: justify;\">Die Versandkosten betragen:<br \/>\nBrief: 1 bis 2 Paar Krabbelpuschen \/ Schl\u00fcsselb\u00e4nder\u00a02,50 Euro<br \/>\nKompaktbrief: 3 bis 4 Paar Krabbelpuschen \/ Schl\u00fcsselb\u00e4nder\u00a03,50 Euro<br \/>\nP\u00e4ckchen: ab 5 Paar Krabbelpuschen \/ Schl\u00fcsselb\u00e4nder\u00a06,00 Euro<\/p>\n","protected":false},"excerpt":{"rendered":"<p>Es gelten die gestzlichen Bestimmungen nach deutschem Recht. Lieferung und Preise Alle Angebote sind bez\u00fcglich Preis, Menge, Lieferzeiten stets freibleibend. Die Preise setzen sich aus dem der Gr\u00f6\u00dfe entsprechenden Grundschuh, Applikation bzw. Stickmotiv und evtl. eingesticktem Namen zzgl. Porto zusammen. Die Mehrwertsteuer kann auf Rechnungen nicht ausgewiesen werden, da eine Kleinunternehmer-Regelung besteht. Es sind jeweils [&hellip;]<\/p>\n","protected":false},"author":1,"featured_media":0,"parent":0,"menu_order":0,"comment_status":"closed","ping_status":"closed","template":"","meta":[],"yoast_head":"<!-- This site is optimized with the Yoast SEO plugin v17.9 - https:\/\/yoast.com\/wordpress\/plugins\/seo\/ -->\n<meta name=\"robots\" content=\"noindex, follow, max-snippet:-1, max-image-preview:large, max-video-preview:-1\" \/>\n<meta property=\"og:locale\" content=\"de_DE\" \/>\n<meta property=\"og:type\" content=\"article\" \/>\n<meta property=\"og:title\" content=\"AGB - Bestickte Krabbelpuschen &amp; Schl\u00fcsselb\u00e4nder aus Leder\" \/>\n<meta property=\"og:description\" content=\"Es gelten die gestzlichen Bestimmungen nach deutschem Recht. Lieferung und Preise Alle Angebote sind bez\u00fcglich Preis, Menge, Lieferzeiten stets freibleibend. Die Preise setzen sich aus dem der Gr\u00f6\u00dfe entsprechenden Grundschuh, Applikation bzw. Stickmotiv und evtl. eingesticktem Namen zzgl. Porto zusammen. Die Mehrwertsteuer kann auf Rechnungen nicht ausgewiesen werden, da eine Kleinunternehmer-Regelung besteht. Es sind jeweils [&hellip;]\" \/>\n<meta property=\"og:url\" content=\"https:\/\/www.b-herz-t.de\/?page_id=42\" \/>\n<meta property=\"og:site_name\" content=\"Bestickte Krabbelpuschen &amp; Schl\u00fcsselb\u00e4nder aus Leder\" \/>\n<meta property=\"article:modified_time\" content=\"2016-08-31T12:14:42+00:00\" \/>\n<meta name=\"twitter:card\" content=\"summary\" \/>\n<meta name=\"twitter:label1\" content=\"Gesch\u00e4tzte Lesezeit\" \/>\n\t<meta name=\"twitter:data1\" content=\"1\u00a0Minute\" \/>\n<script type=\"application\/ld+json\" class=\"yoast-schema-graph\">{\"@context\":\"https:\/\/schema.org\",\"@graph\":[{\"@type\":\"WebSite\",\"@id\":\"https:\/\/www.b-herz-t.de\/#website\",\"url\":\"https:\/\/www.b-herz-t.de\/\",\"name\":\"Bestickte Krabbelpuschen &amp; Schl\\u00fcsselb\\u00e4nder aus Leder\",\"description\":\"Ideenschmiede &amp; Manufaktur individueller &amp; sch\\u00f6ner Dinge aus Leder\",\"potentialAction\":[{\"@type\":\"SearchAction\",\"target\":{\"@type\":\"EntryPoint\",\"urlTemplate\":\"https:\/\/www.b-herz-t.de\/?s={search_term_string}\"},\"query-input\":\"required name=search_term_string\"}],\"inLanguage\":\"de\"},{\"@type\":\"WebPage\",\"@id\":\"https:\/\/www.b-herz-t.de\/?page_id=42#webpage\",\"url\":\"https:\/\/www.b-herz-t.de\/?page_id=42\",\"name\":\"AGB - Bestickte Krabbelpuschen &amp; Schl\\u00fcsselb\\u00e4nder aus Leder\",\"isPartOf\":{\"@id\":\"https:\/\/www.b-herz-t.de\/#website\"},\"datePublished\":\"2016-08-29T16:14:10+00:00\",\"dateModified\":\"2016-08-31T12:14:42+00:00\",\"breadcrumb\":{\"@id\":\"https:\/\/www.b-herz-t.de\/?page_id=42#breadcrumb\"},\"inLanguage\":\"de\",\"potentialAction\":[{\"@type\":\"ReadAction\",\"target\":[\"https:\/\/www.b-herz-t.de\/?page_id=42\"]}]},{\"@type\":\"BreadcrumbList\",\"@id\":\"https:\/\/www.b-herz-t.de\/?page_id=42#breadcrumb\",\"itemListElement\":[{\"@type\":\"ListItem\",\"position\":1,\"name\":\"Startseite\",\"item\":\"https:\/\/www.b-herz-t.de\/\"},{\"@type\":\"ListItem\",\"position\":2,\"name\":\"AGB\"}]}]}<\/script>\n<!-- \/ Yoast SEO plugin. -->","yoast_head_json":{"robots":{"index":"noindex","follow":"follow","max-snippet":"max-snippet:-1","max-image-preview":"max-image-preview:large","max-video-preview":"max-video-preview:-1"},"og_locale":"de_DE","og_type":"article","og_title":"AGB - Bestickte Krabbelpuschen &amp; Schl\u00fcsselb\u00e4nder aus Leder","og_description":"Es gelten die gestzlichen Bestimmungen nach deutschem Recht. Lieferung und Preise Alle Angebote sind bez\u00fcglich Preis, Menge, Lieferzeiten stets freibleibend. Die Preise setzen sich aus dem der Gr\u00f6\u00dfe entsprechenden Grundschuh, Applikation bzw. Stickmotiv und evtl. eingesticktem Namen zzgl. Porto zusammen. Die Mehrwertsteuer kann auf Rechnungen nicht ausgewiesen werden, da eine Kleinunternehmer-Regelung besteht. Es sind jeweils [&hellip;]","og_url":"https:\/\/www.b-herz-t.de\/?page_id=42","og_site_name":"Bestickte Krabbelpuschen &amp; Schl\u00fcsselb\u00e4nder aus Leder","article_modified_time":"2016-08-31T12:14:42+00:00","twitter_card":"summary","twitter_misc":{"Gesch\u00e4tzte Lesezeit":"1\u00a0Minute"},"schema":{"@context":"https:\/\/schema.org","@graph":[{"@type":"WebSite","@id":"https:\/\/www.b-herz-t.de\/#website","url":"https:\/\/www.b-herz-t.de\/","name":"Bestickte Krabbelpuschen &amp; Schl\u00fcsselb\u00e4nder aus Leder","description":"Ideenschmiede &amp; Manufaktur individueller &amp; sch\u00f6ner Dinge aus Leder","potentialAction":[{"@type":"SearchAction","target":{"@type":"EntryPoint","urlTemplate":"https:\/\/www.b-herz-t.de\/?s={search_term_string}"},"query-input":"required name=search_term_string"}],"inLanguage":"de"},{"@type":"WebPage","@id":"https:\/\/www.b-herz-t.de\/?page_id=42#webpage","url":"https:\/\/www.b-herz-t.de\/?page_id=42","name":"AGB - Bestickte Krabbelpuschen &amp; Schl\u00fcsselb\u00e4nder aus Leder","isPartOf":{"@id":"https:\/\/www.b-herz-t.de\/#website"},"datePublished":"2016-08-29T16:14:10+00:00","dateModified":"2016-08-31T12:14:42+00:00","breadcrumb":{"@id":"https:\/\/www.b-herz-t.de\/?page_id=42#breadcrumb"},"inLanguage":"de","potentialAction":[{"@type":"ReadAction","target":["https:\/\/www.b-herz-t.de\/?page_id=42"]}]},{"@type":"BreadcrumbList","@id":"https:\/\/www.b-herz-t.de\/?page_id=42#breadcrumb","itemListElement":[{"@type":"ListItem","position":1,"name":"Startseite","item":"https:\/\/www.b-herz-t.de\/"},{"@type":"ListItem","position":2,"name":"AGB"}]}]}},"_links":{"self":[{"href":"https:\/\/www.b-herz-t.de\/index.php?rest_route=\/wp\/v2\/pages\/42"}],"collection":[{"href":"https:\/\/www.b-herz-t.de\/index.php?rest_route=\/wp\/v2\/pages"}],"about":[{"href":"https:\/\/www.b-herz-t.de\/index.php?rest_route=\/wp\/v2\/types\/page"}],"author":[{"embeddable":true,"href":"https:\/\/www.b-herz-t.de\/index.php?rest_route=\/wp\/v2\/users\/1"}],"replies":[{"embeddable":true,"href":"https:\/\/www.b-herz-t.de\/index.php?rest_route=%2Fwp%2Fv2%2Fcomments&post=42"}],"version-history":[{"count":6,"href":"https:\/\/www.b-herz-t.de\/index.php?rest_route=\/wp\/v2\/pages\/42\/revisions"}],"predecessor-version":[{"id":152,"href":"https:\/\/www.b-herz-t.de\/index.php?rest_route=\/wp\/v2\/pages\/42\/revisions\/152"}],"wp:attachment":[{"href":"https:\/\/www.b-herz-t.de\/index.php?rest_route=%2Fwp%2Fv2%2Fmedia&parent=42"}],"curies":[{"name":"wp","href":"https:\/\/api.w.org\/{rel}","templated":true}]}}