{"id":36,"date":"2016-08-29T18:06:31","date_gmt":"2016-08-29T16:06:31","guid":{"rendered":"http:\/\/www.b-herz-t.de\/?page_id=36"},"modified":"2018-04-13T10:16:25","modified_gmt":"2018-04-13T08:16:25","slug":"491721666222-2","status":"publish","type":"page","link":"https:\/\/www.b-herz-t.de\/?page_id=36","title":{"rendered":"+491721666222"},"content":{"rendered":"<p style=\"text-align: center;\">Rufen Sie mich an unter<\/p>\n<h1 style=\"text-align: center;\"><strong><span style=\"color: #ff0000;\">+49 172 1 666 222\u00a0<\/span><\/strong><\/h1>\n<p style=\"text-align: center;\">oder<\/p>\n<p style=\"text-align: center;\">schreiben mir an<\/p>\n<h1 style=\"text-align: center;\"><span style=\"color: #ff0000;\"><strong>bea@b-herz-t.de <\/strong><\/span><\/h1>\n<p style=\"text-align: center;\">und ich melde mich so schnell wie m\u00f6glich bei Ihnen.<\/p>\n<p>&nbsp;<\/p>\n","protected":false},"excerpt":{"rendered":"<p>Rufen Sie mich an unter +49 172 1 666 222\u00a0 oder schreiben mir an bea@b-herz-t.de und ich melde mich so schnell wie m\u00f6glich bei Ihnen. &nbsp;<\/p>\n","protected":false},"author":1,"featured_media":0,"parent":0,"menu_order":0,"comment_status":"closed","ping_status":"closed","template":"","meta":[],"yoast_head":"<!-- This site is optimized with the Yoast SEO plugin v17.9 - https:\/\/yoast.com\/wordpress\/plugins\/seo\/ -->\n<meta name=\"robots\" content=\"noindex, follow, max-snippet:-1, max-image-preview:large, max-video-preview:-1\" \/>\n<meta property=\"og:locale\" content=\"de_DE\" \/>\n<meta property=\"og:type\" content=\"article\" \/>\n<meta property=\"og:title\" content=\"+491721666222 - Bestickte Krabbelpuschen &amp; Schl\u00fcsselb\u00e4nder aus Leder\" \/>\n<meta property=\"og:description\" content=\"Rufen Sie mich an unter +49 172 1 666 222\u00a0 oder schreiben mir an bea@b-herz-t.de und ich melde mich so schnell wie m\u00f6glich bei Ihnen. &nbsp;\" \/>\n<meta property=\"og:url\" content=\"http:\/\/www.b-herz-t.de\/?page_id=36\" \/>\n<meta property=\"og:site_name\" content=\"Bestickte Krabbelpuschen &amp; Schl\u00fcsselb\u00e4nder aus Leder\" \/>\n<meta property=\"article:modified_time\" content=\"2018-04-13T08:16:25+00:00\" \/>\n<meta name=\"twitter:card\" content=\"summary\" \/>\n<script type=\"application\/ld+json\" class=\"yoast-schema-graph\">{\"@context\":\"https:\/\/schema.org\",\"@graph\":[{\"@type\":\"WebSite\",\"@id\":\"https:\/\/www.b-herz-t.de\/#website\",\"url\":\"https:\/\/www.b-herz-t.de\/\",\"name\":\"Bestickte Krabbelpuschen &amp; Schl\\u00fcsselb\\u00e4nder aus Leder\",\"description\":\"Ideenschmiede &amp; Manufaktur individueller &amp; sch\\u00f6ner Dinge aus Leder\",\"potentialAction\":[{\"@type\":\"SearchAction\",\"target\":{\"@type\":\"EntryPoint\",\"urlTemplate\":\"https:\/\/www.b-herz-t.de\/?s={search_term_string}\"},\"query-input\":\"required name=search_term_string\"}],\"inLanguage\":\"de\"},{\"@type\":\"WebPage\",\"@id\":\"http:\/\/www.b-herz-t.de\/?page_id=36#webpage\",\"url\":\"http:\/\/www.b-herz-t.de\/?page_id=36\",\"name\":\"+491721666222 - Bestickte Krabbelpuschen &amp; Schl\\u00fcsselb\\u00e4nder aus Leder\",\"isPartOf\":{\"@id\":\"https:\/\/www.b-herz-t.de\/#website\"},\"datePublished\":\"2016-08-29T16:06:31+00:00\",\"dateModified\":\"2018-04-13T08:16:25+00:00\",\"breadcrumb\":{\"@id\":\"http:\/\/www.b-herz-t.de\/?page_id=36#breadcrumb\"},\"inLanguage\":\"de\",\"potentialAction\":[{\"@type\":\"ReadAction\",\"target\":[\"http:\/\/www.b-herz-t.de\/?page_id=36\"]}]},{\"@type\":\"BreadcrumbList\",\"@id\":\"http:\/\/www.b-herz-t.de\/?page_id=36#breadcrumb\",\"itemListElement\":[{\"@type\":\"ListItem\",\"position\":1,\"name\":\"Startseite\",\"item\":\"https:\/\/www.b-herz-t.de\/\"},{\"@type\":\"ListItem\",\"position\":2,\"name\":\"+491721666222\"}]}]}<\/script>\n<!-- \/ Yoast SEO plugin. -->","yoast_head_json":{"robots":{"index":"noindex","follow":"follow","max-snippet":"max-snippet:-1","max-image-preview":"max-image-preview:large","max-video-preview":"max-video-preview:-1"},"og_locale":"de_DE","og_type":"article","og_title":"+491721666222 - Bestickte Krabbelpuschen &amp; Schl\u00fcsselb\u00e4nder aus Leder","og_description":"Rufen Sie mich an unter +49 172 1 666 222\u00a0 oder schreiben mir an bea@b-herz-t.de und ich melde mich so schnell wie m\u00f6glich bei Ihnen. &nbsp;","og_url":"http:\/\/www.b-herz-t.de\/?page_id=36","og_site_name":"Bestickte Krabbelpuschen &amp; Schl\u00fcsselb\u00e4nder aus Leder","article_modified_time":"2018-04-13T08:16:25+00:00","twitter_card":"summary","schema":{"@context":"https:\/\/schema.org","@graph":[{"@type":"WebSite","@id":"https:\/\/www.b-herz-t.de\/#website","url":"https:\/\/www.b-herz-t.de\/","name":"Bestickte Krabbelpuschen &amp; Schl\u00fcsselb\u00e4nder aus Leder","description":"Ideenschmiede &amp; Manufaktur individueller &amp; sch\u00f6ner Dinge aus Leder","potentialAction":[{"@type":"SearchAction","target":{"@type":"EntryPoint","urlTemplate":"https:\/\/www.b-herz-t.de\/?s={search_term_string}"},"query-input":"required name=search_term_string"}],"inLanguage":"de"},{"@type":"WebPage","@id":"http:\/\/www.b-herz-t.de\/?page_id=36#webpage","url":"http:\/\/www.b-herz-t.de\/?page_id=36","name":"+491721666222 - Bestickte Krabbelpuschen &amp; Schl\u00fcsselb\u00e4nder aus Leder","isPartOf":{"@id":"https:\/\/www.b-herz-t.de\/#website"},"datePublished":"2016-08-29T16:06:31+00:00","dateModified":"2018-04-13T08:16:25+00:00","breadcrumb":{"@id":"http:\/\/www.b-herz-t.de\/?page_id=36#breadcrumb"},"inLanguage":"de","potentialAction":[{"@type":"ReadAction","target":["http:\/\/www.b-herz-t.de\/?page_id=36"]}]},{"@type":"BreadcrumbList","@id":"http:\/\/www.b-herz-t.de\/?page_id=36#breadcrumb","itemListElement":[{"@type":"ListItem","position":1,"name":"Startseite","item":"https:\/\/www.b-herz-t.de\/"},{"@type":"ListItem","position":2,"name":"+491721666222"}]}]}},"_links":{"self":[{"href":"https:\/\/www.b-herz-t.de\/index.php?rest_route=\/wp\/v2\/pages\/36"}],"collection":[{"href":"https:\/\/www.b-herz-t.de\/index.php?rest_route=\/wp\/v2\/pages"}],"about":[{"href":"https:\/\/www.b-herz-t.de\/index.php?rest_route=\/wp\/v2\/types\/page"}],"author":[{"embeddable":true,"href":"https:\/\/www.b-herz-t.de\/index.php?rest_route=\/wp\/v2\/users\/1"}],"replies":[{"embeddable":true,"href":"https:\/\/www.b-herz-t.de\/index.php?rest_route=%2Fwp%2Fv2%2Fcomments&post=36"}],"version-history":[{"count":9,"href":"https:\/\/www.b-herz-t.de\/index.php?rest_route=\/wp\/v2\/pages\/36\/revisions"}],"predecessor-version":[{"id":320,"href":"https:\/\/www.b-herz-t.de\/index.php?rest_route=\/wp\/v2\/pages\/36\/revisions\/320"}],"wp:attachment":[{"href":"https:\/\/www.b-herz-t.de\/index.php?rest_route=%2Fwp%2Fv2%2Fmedia&parent=36"}],"curies":[{"name":"wp","href":"https:\/\/api.w.org\/{rel}","templated":true}]}}