{"id":325,"date":"2018-06-05T12:32:33","date_gmt":"2018-06-05T10:32:33","guid":{"rendered":"http:\/\/www.b-herz-t.de\/?page_id=325"},"modified":"2018-06-05T13:18:49","modified_gmt":"2018-06-05T11:18:49","slug":"sos-armbaender","status":"publish","type":"page","link":"https:\/\/www.b-herz-t.de\/?page_id=325","title":{"rendered":"SOS Armb\u00e4nder"},"content":{"rendered":"<div id=\"attachment_327\" style=\"width: 310px\" class=\"wp-caption alignnone\"><img aria-describedby=\"caption-attachment-327\" loading=\"lazy\" class=\"wp-image-327 size-medium\" src=\"http:\/\/www.b-herz-t.de\/wp-content\/uploads\/2018\/06\/A36D3327-81C7-4456-B89D-3188509561A1-300x225.jpeg\" alt=\"\" width=\"300\" height=\"225\" srcset=\"https:\/\/www.b-herz-t.de\/wp-content\/uploads\/2018\/06\/A36D3327-81C7-4456-B89D-3188509561A1-300x225.jpeg 300w, https:\/\/www.b-herz-t.de\/wp-content\/uploads\/2018\/06\/A36D3327-81C7-4456-B89D-3188509561A1-768x575.jpeg 768w, https:\/\/www.b-herz-t.de\/wp-content\/uploads\/2018\/06\/A36D3327-81C7-4456-B89D-3188509561A1-1024x767.jpeg 1024w, https:\/\/www.b-herz-t.de\/wp-content\/uploads\/2018\/06\/A36D3327-81C7-4456-B89D-3188509561A1-1140x854.jpeg 1140w\" sizes=\"(max-width: 300px) 100vw, 300px\" \/><p id=\"caption-attachment-327\" class=\"wp-caption-text\">SOS Armband. Vorderseite mit Namen bestickt.<\/p><\/div>\n<div id=\"attachment_326\" style=\"width: 310px\" class=\"wp-caption alignnone\"><img aria-describedby=\"caption-attachment-326\" loading=\"lazy\" class=\"wp-image-326 size-medium\" src=\"http:\/\/www.b-herz-t.de\/wp-content\/uploads\/2018\/06\/20BD5208-AFDA-40BE-B1C6-9326024043DF-300x129.jpeg\" alt=\"\" width=\"300\" height=\"129\" srcset=\"https:\/\/www.b-herz-t.de\/wp-content\/uploads\/2018\/06\/20BD5208-AFDA-40BE-B1C6-9326024043DF-300x129.jpeg 300w, https:\/\/www.b-herz-t.de\/wp-content\/uploads\/2018\/06\/20BD5208-AFDA-40BE-B1C6-9326024043DF-768x330.jpeg 768w, https:\/\/www.b-herz-t.de\/wp-content\/uploads\/2018\/06\/20BD5208-AFDA-40BE-B1C6-9326024043DF-1024x440.jpeg 1024w, https:\/\/www.b-herz-t.de\/wp-content\/uploads\/2018\/06\/20BD5208-AFDA-40BE-B1C6-9326024043DF-1140x490.jpeg 1140w\" sizes=\"(max-width: 300px) 100vw, 300px\" \/><p id=\"caption-attachment-326\" class=\"wp-caption-text\">SOS Armband R\u00fcckseite mit Telefonnummer.<\/p><\/div>\n<div id=\"attachment_314\" style=\"width: 310px\" class=\"wp-caption alignnone\"><img aria-describedby=\"caption-attachment-314\" loading=\"lazy\" class=\"wp-image-314 size-medium\" src=\"http:\/\/www.b-herz-t.de\/wp-content\/uploads\/2017\/09\/IMG_9416-300x225.jpg\" alt=\"\" width=\"300\" height=\"225\" srcset=\"https:\/\/www.b-herz-t.de\/wp-content\/uploads\/2017\/09\/IMG_9416-300x225.jpg 300w, https:\/\/www.b-herz-t.de\/wp-content\/uploads\/2017\/09\/IMG_9416-768x576.jpg 768w, https:\/\/www.b-herz-t.de\/wp-content\/uploads\/2017\/09\/IMG_9416-1024x768.jpg 1024w, https:\/\/www.b-herz-t.de\/wp-content\/uploads\/2017\/09\/IMG_9416-1140x855.jpg 1140w\" sizes=\"(max-width: 300px) 100vw, 300px\" \/><p id=\"caption-attachment-314\" class=\"wp-caption-text\">Armband wahlweise mit Name oder Telefonnummer<\/p><\/div>\n","protected":false},"excerpt":{"rendered":"","protected":false},"author":1,"featured_media":0,"parent":0,"menu_order":0,"comment_status":"closed","ping_status":"closed","template":"","meta":[],"yoast_head":"<!-- This site is optimized with the Yoast SEO plugin v17.9 - https:\/\/yoast.com\/wordpress\/plugins\/seo\/ -->\n<meta name=\"robots\" content=\"noindex, follow, max-snippet:-1, max-image-preview:large, max-video-preview:-1\" \/>\n<meta property=\"og:locale\" content=\"de_DE\" \/>\n<meta property=\"og:type\" content=\"article\" \/>\n<meta property=\"og:title\" content=\"SOS Armb\u00e4nder - Bestickte Krabbelpuschen &amp; Schl\u00fcsselb\u00e4nder aus Leder\" \/>\n<meta property=\"og:url\" content=\"http:\/\/www.b-herz-t.de\/?page_id=325\" \/>\n<meta property=\"og:site_name\" content=\"Bestickte Krabbelpuschen &amp; Schl\u00fcsselb\u00e4nder aus Leder\" \/>\n<meta property=\"article:modified_time\" content=\"2018-06-05T11:18:49+00:00\" \/>\n<meta property=\"og:image\" content=\"http:\/\/www.b-herz-t.de\/wp-content\/uploads\/2018\/06\/A36D3327-81C7-4456-B89D-3188509561A1-300x225.jpeg\" \/>\n<meta name=\"twitter:card\" content=\"summary\" \/>\n<script type=\"application\/ld+json\" class=\"yoast-schema-graph\">{\"@context\":\"https:\/\/schema.org\",\"@graph\":[{\"@type\":\"WebSite\",\"@id\":\"https:\/\/www.b-herz-t.de\/#website\",\"url\":\"https:\/\/www.b-herz-t.de\/\",\"name\":\"Bestickte Krabbelpuschen &amp; Schl\\u00fcsselb\\u00e4nder aus Leder\",\"description\":\"Ideenschmiede &amp; Manufaktur individueller &amp; sch\\u00f6ner Dinge aus Leder\",\"potentialAction\":[{\"@type\":\"SearchAction\",\"target\":{\"@type\":\"EntryPoint\",\"urlTemplate\":\"https:\/\/www.b-herz-t.de\/?s={search_term_string}\"},\"query-input\":\"required name=search_term_string\"}],\"inLanguage\":\"de\"},{\"@type\":\"ImageObject\",\"@id\":\"http:\/\/www.b-herz-t.de\/?page_id=325#primaryimage\",\"inLanguage\":\"de\",\"url\":\"http:\/\/www.b-herz-t.de\/wp-content\/uploads\/2018\/06\/A36D3327-81C7-4456-B89D-3188509561A1-300x225.jpeg\",\"contentUrl\":\"http:\/\/www.b-herz-t.de\/wp-content\/uploads\/2018\/06\/A36D3327-81C7-4456-B89D-3188509561A1-300x225.jpeg\"},{\"@type\":\"WebPage\",\"@id\":\"http:\/\/www.b-herz-t.de\/?page_id=325#webpage\",\"url\":\"http:\/\/www.b-herz-t.de\/?page_id=325\",\"name\":\"SOS Armb\\u00e4nder - Bestickte Krabbelpuschen &amp; Schl\\u00fcsselb\\u00e4nder aus Leder\",\"isPartOf\":{\"@id\":\"https:\/\/www.b-herz-t.de\/#website\"},\"primaryImageOfPage\":{\"@id\":\"http:\/\/www.b-herz-t.de\/?page_id=325#primaryimage\"},\"datePublished\":\"2018-06-05T10:32:33+00:00\",\"dateModified\":\"2018-06-05T11:18:49+00:00\",\"breadcrumb\":{\"@id\":\"http:\/\/www.b-herz-t.de\/?page_id=325#breadcrumb\"},\"inLanguage\":\"de\",\"potentialAction\":[{\"@type\":\"ReadAction\",\"target\":[\"http:\/\/www.b-herz-t.de\/?page_id=325\"]}]},{\"@type\":\"BreadcrumbList\",\"@id\":\"http:\/\/www.b-herz-t.de\/?page_id=325#breadcrumb\",\"itemListElement\":[{\"@type\":\"ListItem\",\"position\":1,\"name\":\"Startseite\",\"item\":\"https:\/\/www.b-herz-t.de\/\"},{\"@type\":\"ListItem\",\"position\":2,\"name\":\"SOS Armb\\u00e4nder\"}]}]}<\/script>\n<!-- \/ Yoast SEO plugin. -->","yoast_head_json":{"robots":{"index":"noindex","follow":"follow","max-snippet":"max-snippet:-1","max-image-preview":"max-image-preview:large","max-video-preview":"max-video-preview:-1"},"og_locale":"de_DE","og_type":"article","og_title":"SOS Armb\u00e4nder - Bestickte Krabbelpuschen &amp; Schl\u00fcsselb\u00e4nder aus Leder","og_url":"http:\/\/www.b-herz-t.de\/?page_id=325","og_site_name":"Bestickte Krabbelpuschen &amp; Schl\u00fcsselb\u00e4nder aus Leder","article_modified_time":"2018-06-05T11:18:49+00:00","og_image":[{"url":"http:\/\/www.b-herz-t.de\/wp-content\/uploads\/2018\/06\/A36D3327-81C7-4456-B89D-3188509561A1-300x225.jpeg"}],"twitter_card":"summary","schema":{"@context":"https:\/\/schema.org","@graph":[{"@type":"WebSite","@id":"https:\/\/www.b-herz-t.de\/#website","url":"https:\/\/www.b-herz-t.de\/","name":"Bestickte Krabbelpuschen &amp; Schl\u00fcsselb\u00e4nder aus Leder","description":"Ideenschmiede &amp; Manufaktur individueller &amp; sch\u00f6ner Dinge aus Leder","potentialAction":[{"@type":"SearchAction","target":{"@type":"EntryPoint","urlTemplate":"https:\/\/www.b-herz-t.de\/?s={search_term_string}"},"query-input":"required name=search_term_string"}],"inLanguage":"de"},{"@type":"ImageObject","@id":"http:\/\/www.b-herz-t.de\/?page_id=325#primaryimage","inLanguage":"de","url":"http:\/\/www.b-herz-t.de\/wp-content\/uploads\/2018\/06\/A36D3327-81C7-4456-B89D-3188509561A1-300x225.jpeg","contentUrl":"http:\/\/www.b-herz-t.de\/wp-content\/uploads\/2018\/06\/A36D3327-81C7-4456-B89D-3188509561A1-300x225.jpeg"},{"@type":"WebPage","@id":"http:\/\/www.b-herz-t.de\/?page_id=325#webpage","url":"http:\/\/www.b-herz-t.de\/?page_id=325","name":"SOS Armb\u00e4nder - Bestickte Krabbelpuschen &amp; Schl\u00fcsselb\u00e4nder aus Leder","isPartOf":{"@id":"https:\/\/www.b-herz-t.de\/#website"},"primaryImageOfPage":{"@id":"http:\/\/www.b-herz-t.de\/?page_id=325#primaryimage"},"datePublished":"2018-06-05T10:32:33+00:00","dateModified":"2018-06-05T11:18:49+00:00","breadcrumb":{"@id":"http:\/\/www.b-herz-t.de\/?page_id=325#breadcrumb"},"inLanguage":"de","potentialAction":[{"@type":"ReadAction","target":["http:\/\/www.b-herz-t.de\/?page_id=325"]}]},{"@type":"BreadcrumbList","@id":"http:\/\/www.b-herz-t.de\/?page_id=325#breadcrumb","itemListElement":[{"@type":"ListItem","position":1,"name":"Startseite","item":"https:\/\/www.b-herz-t.de\/"},{"@type":"ListItem","position":2,"name":"SOS Armb\u00e4nder"}]}]}},"_links":{"self":[{"href":"https:\/\/www.b-herz-t.de\/index.php?rest_route=\/wp\/v2\/pages\/325"}],"collection":[{"href":"https:\/\/www.b-herz-t.de\/index.php?rest_route=\/wp\/v2\/pages"}],"about":[{"href":"https:\/\/www.b-herz-t.de\/index.php?rest_route=\/wp\/v2\/types\/page"}],"author":[{"embeddable":true,"href":"https:\/\/www.b-herz-t.de\/index.php?rest_route=\/wp\/v2\/users\/1"}],"replies":[{"embeddable":true,"href":"https:\/\/www.b-herz-t.de\/index.php?rest_route=%2Fwp%2Fv2%2Fcomments&post=325"}],"version-history":[{"count":1,"href":"https:\/\/www.b-herz-t.de\/index.php?rest_route=\/wp\/v2\/pages\/325\/revisions"}],"predecessor-version":[{"id":328,"href":"https:\/\/www.b-herz-t.de\/index.php?rest_route=\/wp\/v2\/pages\/325\/revisions\/328"}],"wp:attachment":[{"href":"https:\/\/www.b-herz-t.de\/index.php?rest_route=%2Fwp%2Fv2%2Fmedia&parent=325"}],"curies":[{"name":"wp","href":"https:\/\/api.w.org\/{rel}","templated":true}]}}