{"id":29,"date":"2016-08-29T17:48:12","date_gmt":"2016-08-29T15:48:12","guid":{"rendered":"http:\/\/www.b-herz-t.de\/?page_id=29"},"modified":"2020-07-06T15:16:24","modified_gmt":"2020-07-06T13:16:24","slug":"krabbelpuschen","status":"publish","type":"page","link":"https:\/\/www.b-herz-t.de\/?page_id=29","title":{"rendered":"Krabbelpuschen"},"content":{"rendered":"<h1 style=\"text-align: justify;\"><span style=\"color: #ff0000;\">Individualisierte Krabbelpuschen aus besticktem Leder<\/span><\/h1>\n<p style=\"text-align: justify;\">\r\n\t<div class=\"slideshow_container slideshow_container_style-light\" style=\"height: 250px; \" data-slideshow-id=\"242\" data-style-name=\"style-light\" data-style-version=\"2.3.1\" >\r\n\r\n\t\t\t\t\t<div class=\"slideshow_loading_icon\"><\/div>\r\n\t\t\r\n\t\t<div class=\"slideshow_content\" style=\"display: none;\">\r\n\r\n\t\t\t<div class=\"slideshow_view\">\r\n\t\t\t\t<div class=\"slideshow_slide slideshow_slide_image\">\r\n\t\t\t\t\t\t\t\t\t\t\t<img src=\"https:\/\/www.b-herz-t.de\/wp-content\/uploads\/2020\/07\/D8F23BBE-D26B-490E-9348-292E1EDC3583.jpeg\" alt=\"Banderole f\u00fcr Kerze\" width=\"480\" height=\"640\" \/>\r\n\t\t\t\t\t\t\t\t\t\t<div class=\"slideshow_description_box slideshow_transparent\">\r\n\t\t\t\t\t\t<div class=\"slideshow_title\">Banderole f\u00fcr Kerzen<\/div>\t\t\t\t\t\t<div class=\"slideshow_description\">Personalisierte Banderole f\u00fcr eine Kerze.<\/div>\t\t\t\t\t<\/div>\r\n\t\t\t\t<\/div>\r\n\r\n\t\t\t\t\t\t<div style=\"clear: both;\"><\/div><\/div><div class=\"slideshow_view\">\r\n\t\t\t\t<div class=\"slideshow_slide slideshow_slide_image\">\r\n\t\t\t\t\t\t\t\t\t\t\t<img src=\"https:\/\/www.b-herz-t.de\/wp-content\/uploads\/2020\/04\/4509D578-981E-4D7E-8FF6-84231A6B7289.jpeg\" alt=\"Kulturtasche aus Wachstuch\" width=\"4032\" height=\"3024\" \/>\r\n\t\t\t\t\t\t\t\t\t\t<div class=\"slideshow_description_box slideshow_transparent\">\r\n\t\t\t\t\t\t<div class=\"slideshow_title\">Kulturtasche aus Wachstuch<\/div>\t\t\t\t\t\t\t\t\t\t\t<\/div>\r\n\t\t\t\t<\/div>\r\n\r\n\t\t\t\t\t\t<div style=\"clear: both;\"><\/div><\/div><div class=\"slideshow_view\">\r\n\t\t\t\t<div class=\"slideshow_slide slideshow_slide_image\">\r\n\t\t\t\t\t\t\t\t\t\t\t<img src=\"https:\/\/www.b-herz-t.de\/wp-content\/uploads\/2020\/02\/63A5AA35-52C6-4671-85BF-5FB1C97D0775.jpeg\" alt=\"Babypaket Handtuch Spuckt\u00fccher Puschen\" width=\"4032\" height=\"2971\" \/>\r\n\t\t\t\t\t\t\t\t\t\t<div class=\"slideshow_description_box slideshow_transparent\">\r\n\t\t\t\t\t\t<div class=\"slideshow_title\">Babypaket Handtuch Spuckt\u00fccher Puschen<\/div>\t\t\t\t\t\t\t\t\t\t\t<\/div>\r\n\t\t\t\t<\/div>\r\n\r\n\t\t\t\t\t\t<div style=\"clear: both;\"><\/div><\/div><div class=\"slideshow_view\">\r\n\t\t\t\t<div class=\"slideshow_slide slideshow_slide_image\">\r\n\t\t\t\t\t\t\t\t\t\t\t<img src=\"https:\/\/www.b-herz-t.de\/wp-content\/uploads\/2020\/02\/BD9DCFFD-51E4-40BA-830E-5F661230151B.jpeg\" alt=\"Handtuch Kladde personalisiert\" width=\"4032\" height=\"3024\" \/>\r\n\t\t\t\t\t\t\t\t\t\t<div class=\"slideshow_description_box slideshow_transparent\">\r\n\t\t\t\t\t\t<div class=\"slideshow_title\">Handtuch Kladde personalisiert<\/div>\t\t\t\t\t\t\t\t\t\t\t<\/div>\r\n\t\t\t\t<\/div>\r\n\r\n\t\t\t\t\t\t<div style=\"clear: both;\"><\/div><\/div><div class=\"slideshow_view\">\r\n\t\t\t\t<div class=\"slideshow_slide slideshow_slide_image\">\r\n\t\t\t\t\t\t\t\t\t\t\t<img src=\"https:\/\/www.b-herz-t.de\/wp-content\/uploads\/2020\/02\/3F478E52-7A5E-4C27-B1C2-BB55210FB7D3-e1583672459336.jpeg\" alt=\"Babypaket beflockt bestickt\" width=\"3024\" height=\"4032\" \/>\r\n\t\t\t\t\t\t\t\t\t\t<div class=\"slideshow_description_box slideshow_transparent\">\r\n\t\t\t\t\t\t<div class=\"slideshow_title\">Babypaket beflockt bestickt<\/div>\t\t\t\t\t\t\t\t\t\t\t<\/div>\r\n\t\t\t\t<\/div>\r\n\r\n\t\t\t\t\t\t<div style=\"clear: both;\"><\/div><\/div><div class=\"slideshow_view\">\r\n\t\t\t\t<div class=\"slideshow_slide slideshow_slide_image\">\r\n\t\t\t\t\t\t\t\t\t\t\t<img src=\"https:\/\/www.b-herz-t.de\/wp-content\/uploads\/2020\/02\/78B14501-34D6-4262-A00C-2001F773446E.jpeg\" alt=\"Glaube Liebe Hoffnung beflockt Loop\" width=\"4032\" height=\"3024\" \/>\r\n\t\t\t\t\t\t\t\t\t\t<div class=\"slideshow_description_box slideshow_transparent\">\r\n\t\t\t\t\t\t<div class=\"slideshow_title\">Glaube Liebe Hoffnung beflockt Loop<\/div>\t\t\t\t\t\t\t\t\t\t\t<\/div>\r\n\t\t\t\t<\/div>\r\n\r\n\t\t\t\t\t\t<div style=\"clear: both;\"><\/div><\/div><div class=\"slideshow_view\">\r\n\t\t\t\t<div class=\"slideshow_slide slideshow_slide_image\">\r\n\t\t\t\t\t\t\t\t\t\t\t<img src=\"https:\/\/www.b-herz-t.de\/wp-content\/uploads\/2020\/02\/A652CC1C-CD00-4CAA-9CF8-A8379D4AB802.jpeg\" alt=\"Gro\u00dfvater mit 6 Enkeln\" width=\"3670\" height=\"2752\" \/>\r\n\t\t\t\t\t\t\t\t\t\t<div class=\"slideshow_description_box slideshow_transparent\">\r\n\t\t\t\t\t\t<div class=\"slideshow_title\">Gro\u00dfvater mit 6 Enkeln<\/div>\t\t\t\t\t\t\t\t\t\t\t<\/div>\r\n\t\t\t\t<\/div>\r\n\r\n\t\t\t\t\t\t<div style=\"clear: both;\"><\/div><\/div><div class=\"slideshow_view\">\r\n\t\t\t\t<div class=\"slideshow_slide slideshow_slide_image\">\r\n\t\t\t\t\t\t\t\t\t\t\t<img src=\"https:\/\/www.b-herz-t.de\/wp-content\/uploads\/2020\/01\/E6E434B4-AD62-4B88-A973-AC19B7E66D91.jpeg\" alt=\"rose\u2018-beige mit Spitzenborte\" width=\"2577\" height=\"2241\" \/>\r\n\t\t\t\t\t\t\t\t\t\t<div class=\"slideshow_description_box slideshow_transparent\">\r\n\t\t\t\t\t\t<div class=\"slideshow_title\">mit Spitzenborte<\/div>\t\t\t\t\t\t\t\t\t\t\t<\/div>\r\n\t\t\t\t<\/div>\r\n\r\n\t\t\t\t\t\t<div style=\"clear: both;\"><\/div><\/div><div class=\"slideshow_view\">\r\n\t\t\t\t<div class=\"slideshow_slide slideshow_slide_image\">\r\n\t\t\t\t\t\t\t\t\t\t\t<img src=\"https:\/\/www.b-herz-t.de\/wp-content\/uploads\/2019\/02\/EC724FBB-FF0B-45A0-90BE-69407C209366.jpeg\" alt=\"Brillenetui\" width=\"3816\" height=\"2798\" \/>\r\n\t\t\t\t\t\t\t\t\t\t<div class=\"slideshow_description_box slideshow_transparent\">\r\n\t\t\t\t\t\t<div class=\"slideshow_title\">Brillenetui<\/div>\t\t\t\t\t\t\t\t\t\t\t<\/div>\r\n\t\t\t\t<\/div>\r\n\r\n\t\t\t\t\t\t<div style=\"clear: both;\"><\/div><\/div><div class=\"slideshow_view\">\r\n\t<div class=\"slideshow_slide slideshow_slide_text\" style=\"background-color: #FFFFFF;\">\r\n\t\t\r\n\t\t\r\n\t\t<a  class=\"slideshow_background_anchor\"><\/a>\r\n\t<\/div>\r\n<div style=\"clear: both;\"><\/div><\/div><div class=\"slideshow_view\">\r\n\t\t\t\t<div class=\"slideshow_slide slideshow_slide_image\">\r\n\t\t\t\t\t\t\t\t\t\t\t<img src=\"https:\/\/www.b-herz-t.de\/wp-content\/uploads\/2018\/06\/2E016723-BAB8-4183-9E01-9930524D4527.jpeg\" alt=\"Totenkopf Lausbub\" width=\"2048\" height=\"1536\" \/>\r\n\t\t\t\t\t\t\t\t\t\t<div class=\"slideshow_description_box slideshow_transparent\">\r\n\t\t\t\t\t\t<div class=\"slideshow_title\">Totenkopf Lausbub<\/div>\t\t\t\t\t\t\t\t\t\t\t<\/div>\r\n\t\t\t\t<\/div>\r\n\r\n\t\t\t\t\t\t<div style=\"clear: both;\"><\/div><\/div><div class=\"slideshow_view\">\r\n\t\t\t\t<div class=\"slideshow_slide slideshow_slide_image\">\r\n\t\t\t\t\t\t\t\t\t\t\t<img src=\"https:\/\/www.b-herz-t.de\/wp-content\/uploads\/2018\/06\/D99B6642-B15B-40D1-AF79-581BF3FE77DB.jpeg\" alt=\"Alltagsheldin\" width=\"2050\" height=\"1536\" \/>\r\n\t\t\t\t\t\t\t\t\t\t<div class=\"slideshow_description_box slideshow_transparent\">\r\n\t\t\t\t\t\t<div class=\"slideshow_title\">Alltagsheldin<\/div>\t\t\t\t\t\t\t\t\t\t\t<\/div>\r\n\t\t\t\t<\/div>\r\n\r\n\t\t\t\t\t\t<div style=\"clear: both;\"><\/div><\/div><div class=\"slideshow_view\">\r\n\t\t\t\t<div class=\"slideshow_slide slideshow_slide_image\">\r\n\t\t\t\t\t\t\t\t\t\t\t<img src=\"https:\/\/www.b-herz-t.de\/wp-content\/uploads\/2018\/06\/51276CB1-A2F8-4F5D-8B99-51E01040AF29.jpeg\" alt=\"Schl\u00fcsselband zur Geburt mit Geburtsdatum\" width=\"2048\" height=\"1536\" \/>\r\n\t\t\t\t\t\t\t\t\t\t<div class=\"slideshow_description_box slideshow_transparent\">\r\n\t\t\t\t\t\t<div class=\"slideshow_title\">Schl\u00fcsselband zur Geburt mit Geburtsdatum<\/div>\t\t\t\t\t\t\t\t\t\t\t<\/div>\r\n\t\t\t\t<\/div>\r\n\r\n\t\t\t\t\t\t<div style=\"clear: both;\"><\/div><\/div><div class=\"slideshow_view\">\r\n\t\t\t\t<div class=\"slideshow_slide slideshow_slide_image\">\r\n\t\t\t\t\t\t\t\t\t\t\t<img src=\"https:\/\/www.b-herz-t.de\/wp-content\/uploads\/2018\/06\/A36D3327-81C7-4456-B89D-3188509561A1.jpeg\" alt=\"SOS Armband Vorderseite\" width=\"2050\" height=\"1536\" \/>\r\n\t\t\t\t\t\t\t\t\t\t<div class=\"slideshow_description_box slideshow_transparent\">\r\n\t\t\t\t\t\t<div class=\"slideshow_title\">SOS Armband Vorderseite<\/div>\t\t\t\t\t\t<div class=\"slideshow_description\">Wahlweise mit SOS oder Vorname bestickt. Beidseitig bestickt und umn\u00e4ht.<\/div>\t\t\t\t\t<\/div>\r\n\t\t\t\t<\/div>\r\n\r\n\t\t\t\t\t\t<div style=\"clear: both;\"><\/div><\/div><div class=\"slideshow_view\">\r\n\t\t\t\t<div class=\"slideshow_slide slideshow_slide_image\">\r\n\t\t\t\t\t\t\t\t\t\t\t<img src=\"https:\/\/www.b-herz-t.de\/wp-content\/uploads\/2018\/06\/20BD5208-AFDA-40BE-B1C6-9326024043DF.jpeg\" alt=\"SOS Armband R\u00fcckseite mit Telefonummer\" width=\"3572\" height=\"1536\" \/>\r\n\t\t\t\t\t\t\t\t\t\t<div class=\"slideshow_description_box slideshow_transparent\">\r\n\t\t\t\t\t\t<div class=\"slideshow_title\">SOS Armband R\u00fcckseite mit Telefonummer<\/div>\t\t\t\t\t\t<div class=\"slideshow_description\">Beidseitig bestickt und umn\u00e4ht<\/div>\t\t\t\t\t<\/div>\r\n\t\t\t\t<\/div>\r\n\r\n\t\t\t\t\t\t<div style=\"clear: both;\"><\/div><\/div><div class=\"slideshow_view\">\r\n\t\t\t\t<div class=\"slideshow_slide slideshow_slide_image\">\r\n\t\t\t\t\t\t\t\t\t\t\t<img src=\"https:\/\/www.b-herz-t.de\/wp-content\/uploads\/2017\/09\/IMG_9416.jpg\" alt=\"Armband f\u00fcr Kinder\" width=\"4032\" height=\"3024\" \/>\r\n\t\t\t\t\t\t\t\t\t\t<div class=\"slideshow_description_box slideshow_transparent\">\r\n\t\t\t\t\t\t<div class=\"slideshow_title\">Armband f\u00fcr Kinder<\/div>\t\t\t\t\t\t<div class=\"slideshow_description\">Notfallnummer f\u00fcr Kleinkinder<\/div>\t\t\t\t\t<\/div>\r\n\t\t\t\t<\/div>\r\n\r\n\t\t\t\t\t\t<div style=\"clear: both;\"><\/div><\/div><div class=\"slideshow_view\">\r\n\t\t\t\t<div class=\"slideshow_slide slideshow_slide_image\">\r\n\t\t\t\t\t\t\t\t\t\t\t<img src=\"https:\/\/www.b-herz-t.de\/wp-content\/uploads\/2017\/05\/IMG_4381.jpg\" alt=\"Adler fliegen hoch\" width=\"4032\" height=\"2546\" \/>\r\n\t\t\t\t\t\t\t\t\t\t<div class=\"slideshow_description_box slideshow_transparent\">\r\n\t\t\t\t\t\t<div class=\"slideshow_title\">Adler fliegen hoch<\/div>\t\t\t\t\t\t<div class=\"slideshow_description\">Fussballverein<\/div>\t\t\t\t\t<\/div>\r\n\t\t\t\t<\/div>\r\n\r\n\t\t\t\t\t\t<div style=\"clear: both;\"><\/div><\/div><div class=\"slideshow_view\">\r\n\t\t\t\t<div class=\"slideshow_slide slideshow_slide_image\">\r\n\t\t\t\t\t\t\t\t\t\t\t<img src=\"https:\/\/www.b-herz-t.de\/wp-content\/uploads\/2017\/05\/IMG_1748.jpg\" alt=\"Schwesterherz\" width=\"4032\" height=\"3024\" \/>\r\n\t\t\t\t\t\t\t\t\t\t<div class=\"slideshow_description_box slideshow_transparent\">\r\n\t\t\t\t\t\t<div class=\"slideshow_title\">Schwesterherz<\/div>\t\t\t\t\t\t<div class=\"slideshow_description\">Schl\u00fcsselband f\u00fcr die Schwester mit gesticktem Herz.<\/div>\t\t\t\t\t<\/div>\r\n\t\t\t\t<\/div>\r\n\r\n\t\t\t\t\t\t<div style=\"clear: both;\"><\/div><\/div><div class=\"slideshow_view\">\r\n\t\t\t\t<div class=\"slideshow_slide slideshow_slide_image\">\r\n\t\t\t\t\t\t\t\t\t\t\t<img src=\"https:\/\/www.b-herz-t.de\/wp-content\/uploads\/2017\/05\/IMG_1289.jpg\" alt=\"Fische Sprotten\" width=\"4032\" height=\"3024\" \/>\r\n\t\t\t\t\t\t\t\t\t\t<div class=\"slideshow_description_box slideshow_transparent\">\r\n\t\t\t\t\t\t<div class=\"slideshow_title\">Fische Sprotten<\/div>\t\t\t\t\t\t<div class=\"slideshow_description\">Fisch Anh\u00e4nger auf einer Seite mit Namen versehen.<\/div>\t\t\t\t\t<\/div>\r\n\t\t\t\t<\/div>\r\n\r\n\t\t\t\t\t\t<div style=\"clear: both;\"><\/div><\/div><div class=\"slideshow_view\">\r\n\t\t\t\t<div class=\"slideshow_slide slideshow_slide_image\">\r\n\t\t\t\t\t\t\t\t\t\t\t<img src=\"https:\/\/www.b-herz-t.de\/wp-content\/uploads\/2017\/05\/IMG_5100.jpg\" alt=\"Pferdefamilie\" width=\"4032\" height=\"3024\" \/>\r\n\t\t\t\t\t\t\t\t\t\t<div class=\"slideshow_description_box slideshow_transparent\">\r\n\t\t\t\t\t\t<div class=\"slideshow_title\">Pferdefamilie<\/div>\t\t\t\t\t\t\t\t\t\t\t<\/div>\r\n\t\t\t\t<\/div>\r\n\r\n\t\t\t\t\t\t<div style=\"clear: both;\"><\/div><\/div><div class=\"slideshow_view\">\r\n\t\t\t\t<div class=\"slideshow_slide slideshow_slide_image\">\r\n\t\t\t\t\t\t\t\t\t\t\t<img src=\"https:\/\/www.b-herz-t.de\/wp-content\/uploads\/2016\/09\/image-13.jpeg\" alt=\"Schl\u00fcsselband gestanzte Sterne\" width=\"4032\" height=\"3024\" \/>\r\n\t\t\t\t\t\t\t\t\t\t<div class=\"slideshow_description_box slideshow_transparent\">\r\n\t\t\t\t\t\t<div class=\"slideshow_title\">Schl\u00fcsselband gestanzte Sterne<\/div>\t\t\t\t\t\t\t\t\t\t\t<\/div>\r\n\t\t\t\t<\/div>\r\n\r\n\t\t\t\t\t\t<div style=\"clear: both;\"><\/div><\/div><div class=\"slideshow_view\">\r\n\t\t\t\t<div class=\"slideshow_slide slideshow_slide_image\">\r\n\t\t\t\t\t\t\t\t\t\t\t<img src=\"https:\/\/www.b-herz-t.de\/wp-content\/uploads\/2016\/09\/image-10.jpeg\" alt=\"Schl\u00fcsselband pink mit Stern\" width=\"3021\" height=\"1753\" \/>\r\n\t\t\t\t\t\t\t\t\t\t<div class=\"slideshow_description_box slideshow_transparent\">\r\n\t\t\t\t\t\t<div class=\"slideshow_title\">Schl\u00fcsselband pink mit Stern<\/div>\t\t\t\t\t\t\t\t\t\t\t<\/div>\r\n\t\t\t\t<\/div>\r\n\r\n\t\t\t\t\t\t<div style=\"clear: both;\"><\/div><\/div><div class=\"slideshow_view\">\r\n\t\t\t\t<div class=\"slideshow_slide slideshow_slide_image\">\r\n\t\t\t\t\t\t\t\t\t\t\t<img src=\"https:\/\/www.b-herz-t.de\/wp-content\/uploads\/2016\/08\/Babypuschen-11.jpg\" alt=\"Babypuschen Katz und Maus dunkelblau\" width=\"768\" height=\"1024\" \/>\r\n\t\t\t\t\t\t\t\t\t\t<div class=\"slideshow_description_box slideshow_transparent\">\r\n\t\t\t\t\t\t<div class=\"slideshow_title\">Babypuschen Katz und Maus dunkelblau<\/div>\t\t\t\t\t\t\t\t\t\t\t<\/div>\r\n\t\t\t\t<\/div>\r\n\r\n\t\t\t\t\t\t<div style=\"clear: both;\"><\/div><\/div><div class=\"slideshow_view\">\r\n\t\t\t\t<div class=\"slideshow_slide slideshow_slide_image\">\r\n\t\t\t\t\t\t\t\t\t\t\t<img src=\"https:\/\/www.b-herz-t.de\/wp-content\/uploads\/2016\/08\/Babypuschen-2-1.jpg\" alt=\"Babypuschen Rose Beige gestanzt Herz\" width=\"768\" height=\"1024\" \/>\r\n\t\t\t\t\t\t\t\t\t\t<div class=\"slideshow_description_box slideshow_transparent\">\r\n\t\t\t\t\t\t<div class=\"slideshow_title\">Babypuschen Rose Beige gestanzt Herz<\/div>\t\t\t\t\t\t\t\t\t\t\t<\/div>\r\n\t\t\t\t<\/div>\r\n\r\n\t\t\t\t\t\t<div style=\"clear: both;\"><\/div><\/div><div class=\"slideshow_view\">\r\n\t\t\t\t<div class=\"slideshow_slide slideshow_slide_image\">\r\n\t\t\t\t\t\t\t\t\t\t\t<img src=\"https:\/\/www.b-herz-t.de\/wp-content\/uploads\/2016\/08\/Babypuschen-5-1.jpg\" alt=\"Sporty blau\/wei\u00df\" width=\"768\" height=\"1024\" \/>\r\n\t\t\t\t\t\t\t\t\t\t<div class=\"slideshow_description_box slideshow_transparent\">\r\n\t\t\t\t\t\t<div class=\"slideshow_title\">Sporty blau\/wei\u00df<\/div>\t\t\t\t\t\t\t\t\t\t\t<\/div>\r\n\t\t\t\t<\/div>\r\n\r\n\t\t\t\t\t\t<div style=\"clear: both;\"><\/div><\/div>\r\n\t\t<\/div>\r\n\r\n\t\t<div class=\"slideshow_controlPanel slideshow_transparent\" style=\"display: none;\"><ul><li class=\"slideshow_togglePlay\" data-play-text=\"Abspielen\" data-pause-text=\"Pause\"><\/li><\/ul><\/div>\r\n\r\n\t\t<div class=\"slideshow_button slideshow_previous slideshow_transparent\" role=\"button\" data-previous-text=\"Zur\u00fcck\" style=\"display: none;\"><\/div>\r\n\t\t<div class=\"slideshow_button slideshow_next slideshow_transparent\" role=\"button\" data-next-text=\"N\u00e4chstes\" style=\"display: none;\"><\/div>\r\n\r\n\t\t<div class=\"slideshow_pagination\" style=\"display: none;\" data-go-to-text=\"Gehe zum Bild\"><div class=\"slideshow_pagination_center\"><\/div><\/div>\r\n\r\n\t\t<!-- WordPress Slideshow Version 2.3.1 -->\r\n\r\n\t\t\t<\/div>\r\n\r\n<\/p>\n<p style=\"text-align: justify;\">Meine in 100% Handarbeit gefertigten Ledersch\u00fchchen sind\u00a0die <strong>gesunde<\/strong> Alternative zum Barfu\u00dflaufen! Dank der superweichen, flexiblen und rutschfesten Ledersohle sind sie bestens als Babysch\u00fchchen f\u00fcr die Kleinsten geeignet. Die F\u00fc\u00dfe werden gesch\u00fctzt und gew\u00e4rmt, ohne eingeengt zu sein. Das Leder passt sich individuell dem Fu\u00df an und gibt den Kindern ein ideales und angenehmes Bodengef\u00fchl. Durch ein weiches Gummiband werden die\u00a0Krabbelpuschen gehalten und rutschen so nicht von den F\u00fc\u00dfen.<\/p>\n<p style=\"text-align: justify;\">Ob zu Hause, im Kindergarten, beim Turnen oder Unterwegs: Diese Lederpuschen sind\u00a0sehr bequem und schaffen durch ihre atmungsaktive und temperaturregulierenden Eigenschaften ein angenehmes Fu\u00dfklima.<\/p>\n<p style=\"text-align: justify;\">Zus\u00e4tzlich sind sie immer ein Hingucker, denn Ihr\u00a0Paar Lederpuschen ist komplett handgefertigt und somit ein Unikat! Sie k\u00f6nnen aus einer Vielzahl an Farben und Motiven\u00a0Ihr\u00a0ganz pers\u00f6nliches Paar bestickter Lederpuschen\u00a0f\u00fcr Ihr Kind ausw\u00e4hlen. Auf Wunsch kann z.B. der Name des Kindes (oder auch alles andere)\u00a0auf der Vorder- oder R\u00fcckseite des Schuhs eingestickt werden. Auch Applikationen aus Leder oder kleine Stanzereien\u00a0sind m\u00f6glich.<\/p>\n<p style=\"text-align: justify;\">Gerne setze ich Ihre eigenen Motiv-Vorschl\u00e4ge* um. Aus urheberrechtlichen Gr\u00fcnden darf ich allerdings keine Motive wie z.B. Mickey Mouse, Puh der B\u00e4r etc. verwenden.<\/p>\n<p style=\"text-align: justify;\"><style type=\"text\/css\">\r\n\t#slgf_168 .gallery1 {\r\n\t\tdisplay: block !important;\r\n\t\twidth: 100% !important;\r\n\t\tmargin: 0 -5px !important; \/* Offset padding *\/\r\n\t}\r\n\t\r\n\t\/* Clearfix for container *\/\r\n\t#slgf_168 .gallery1:after {\r\n\t\tcontent: '';\r\n\t\tdisplay: block;\r\n\t\tclear: both;\r\n\t}\r\n\r\n\t#slgf_168 .wl-gallery {\r\n\t\tfloat: left !important;\r\n\t\tbox-sizing: border-box !important;\r\n\t\tpadding: 0 5px 10px 5px !important; \/* Horizontal padding + bottom margin *\/\r\n\t\tmargin: 0 !important;\r\n\t}\r\n\r\n\t\/* Two Column Layout *\/\r\n\t#slgf_168 .col-md-6 {\r\n\t\twidth: 50% !important;\r\n\t}\r\n\r\n\t\/* Three Column Layout *\/\r\n\t#slgf_168 .col-md-4 {\r\n\t\twidth: 33.33% !important;\r\n\t}\r\n\r\n\t#slgf_168 .col-md-3 {\r\n\t\twidth: 25% !important;\r\n\t}\r\n\r\n\t#slgf_168 .col-md-2 {\r\n\t\twidth: 16.66% !important;\r\n\t}\r\n\r\n\t#slgf_168 .b-link-stroke .b-top-line {\r\n\t\tbackground: rgba(10, 194, 210, 0.5);\r\n\t}\r\n\r\n\t#slgf_168 .b-link-stroke .b-bottom-line {\r\n\t\tbackground: rgba(10, 194, 210, 0.5);\r\n\t}\r\n\r\n\t#slgf_168 .b-wrapper {\r\n\t\tfont-family: font-name;\r\n\t}\r\n\r\n\t#slgf_168 .slgf_home_portfolio_caption {\r\n\t\tbackground: #FFFFFF;\r\n\t}\r\n\r\n\t#slgf_168 .slgf_home_portfolio_caption h3 {\r\n\t\tcolor: #000000;\r\n\t}\r\n\r\n\t#slgf_168 .slg_title_class {\r\n\t\tfont-weight: bolder;\r\n\t\tpadding-bottom: 20px;\r\n\t\tborder-bottom: 2px solid #cccccc;\r\n\t\tmargin-bottom: 20px;\r\n\t\tfont-family: font-name;\r\n\t\tcolor: #2271b1;\r\n\t}\r\n\t.fnf {\r\n\tbackground-color: #a92929;\r\n\tborder-radius: 5px;\r\n\tcolor: #fff;\r\n\tfont-family: initial;\r\n\ttext-align: center;\r\n\tpadding: 12px;\r\n\t}\r\n\t#slgf_168 .img-box-shadow { box-shadow: 0 0 6px rgba(0, 0, 0, .7); }<\/style>\t\r\n\t<div class=\"gal-container\" id=\"slgf_168\">\r\n\t\t\t\t\t<!--get the post id-->\r\n\t\t\t\r\n\t\t\t<!--Gallery Title-->\r\n\t\t\t\t\t\t\t<div class=\"slg_title_class\">\r\n\t\t\t\t\tFoto Gallerie Krabbelpuschen\t\t\t\t<\/div>\r\n\t\t\t\t\t\t<div class=\"row\">\r\n\r\n\t\t\t\t<div class=\"gallery1 lightgallery_168\">\r\n\t\t\t\t\t\t\t\t\t<\/div>\r\n\t\t\t<\/div>\r\n\t\t\t<\/div>\r\n\r\n\t<!-- Swipe Box-->\r\n\t<\/p>\n<p style=\"text-align: justify;\"><span><a href=\"?page_id=36\" target=\"\" class=\"progression-small or progression-medium or progression-large progression-grey\">Kontakt\u00a0aufnehmen<\/a><\/span><\/p>\n<hr \/>\n<p style=\"text-align: justify;\">*sofern rechtlich und technisch m\u00f6glich!<\/p>\n","protected":false},"excerpt":{"rendered":"<p>Individualisierte Krabbelpuschen aus besticktem Leder Meine in 100% Handarbeit gefertigten Ledersch\u00fchchen sind\u00a0die gesunde Alternative zum Barfu\u00dflaufen! Dank der superweichen, flexiblen und rutschfesten Ledersohle sind sie bestens als Babysch\u00fchchen f\u00fcr die Kleinsten geeignet. Die F\u00fc\u00dfe werden gesch\u00fctzt und gew\u00e4rmt, ohne eingeengt zu sein. Das Leder passt sich individuell dem Fu\u00df an und gibt den Kindern ein [&hellip;]<\/p>\n","protected":false},"author":1,"featured_media":0,"parent":0,"menu_order":0,"comment_status":"closed","ping_status":"closed","template":"","meta":[],"yoast_head":"<!-- This site is optimized with the Yoast SEO plugin v17.9 - https:\/\/yoast.com\/wordpress\/plugins\/seo\/ -->\n<meta name=\"robots\" content=\"noindex, follow, max-snippet:-1, max-image-preview:large, max-video-preview:-1\" \/>\n<meta property=\"og:locale\" content=\"de_DE\" \/>\n<meta property=\"og:type\" content=\"article\" \/>\n<meta property=\"og:title\" content=\"Krabbelpuschen - Bestickte Krabbelpuschen &amp; Schl\u00fcsselb\u00e4nder aus Leder\" \/>\n<meta property=\"og:description\" content=\"Individualisierte Krabbelpuschen aus besticktem Leder Meine in 100% Handarbeit gefertigten Ledersch\u00fchchen sind\u00a0die gesunde Alternative zum Barfu\u00dflaufen! Dank der superweichen, flexiblen und rutschfesten Ledersohle sind sie bestens als Babysch\u00fchchen f\u00fcr die Kleinsten geeignet. Die F\u00fc\u00dfe werden gesch\u00fctzt und gew\u00e4rmt, ohne eingeengt zu sein. Das Leder passt sich individuell dem Fu\u00df an und gibt den Kindern ein [&hellip;]\" \/>\n<meta property=\"og:url\" content=\"http:\/\/www.b-herz-t.de\/?page_id=29\" \/>\n<meta property=\"og:site_name\" content=\"Bestickte Krabbelpuschen &amp; Schl\u00fcsselb\u00e4nder aus Leder\" \/>\n<meta property=\"article:modified_time\" content=\"2020-07-06T13:16:24+00:00\" \/>\n<meta name=\"twitter:card\" content=\"summary\" \/>\n<meta name=\"twitter:label1\" content=\"Gesch\u00e4tzte Lesezeit\" \/>\n\t<meta name=\"twitter:data1\" content=\"1\u00a0Minute\" \/>\n<script type=\"application\/ld+json\" class=\"yoast-schema-graph\">{\"@context\":\"https:\/\/schema.org\",\"@graph\":[{\"@type\":\"WebSite\",\"@id\":\"https:\/\/www.b-herz-t.de\/#website\",\"url\":\"https:\/\/www.b-herz-t.de\/\",\"name\":\"Bestickte Krabbelpuschen &amp; Schl\\u00fcsselb\\u00e4nder aus Leder\",\"description\":\"Ideenschmiede &amp; Manufaktur individueller &amp; sch\\u00f6ner Dinge aus Leder\",\"potentialAction\":[{\"@type\":\"SearchAction\",\"target\":{\"@type\":\"EntryPoint\",\"urlTemplate\":\"https:\/\/www.b-herz-t.de\/?s={search_term_string}\"},\"query-input\":\"required name=search_term_string\"}],\"inLanguage\":\"de\"},{\"@type\":\"WebPage\",\"@id\":\"http:\/\/www.b-herz-t.de\/?page_id=29#webpage\",\"url\":\"http:\/\/www.b-herz-t.de\/?page_id=29\",\"name\":\"Krabbelpuschen - Bestickte Krabbelpuschen &amp; Schl\\u00fcsselb\\u00e4nder aus Leder\",\"isPartOf\":{\"@id\":\"https:\/\/www.b-herz-t.de\/#website\"},\"datePublished\":\"2016-08-29T15:48:12+00:00\",\"dateModified\":\"2020-07-06T13:16:24+00:00\",\"breadcrumb\":{\"@id\":\"http:\/\/www.b-herz-t.de\/?page_id=29#breadcrumb\"},\"inLanguage\":\"de\",\"potentialAction\":[{\"@type\":\"ReadAction\",\"target\":[\"http:\/\/www.b-herz-t.de\/?page_id=29\"]}]},{\"@type\":\"BreadcrumbList\",\"@id\":\"http:\/\/www.b-herz-t.de\/?page_id=29#breadcrumb\",\"itemListElement\":[{\"@type\":\"ListItem\",\"position\":1,\"name\":\"Startseite\",\"item\":\"https:\/\/www.b-herz-t.de\/\"},{\"@type\":\"ListItem\",\"position\":2,\"name\":\"Krabbelpuschen\"}]}]}<\/script>\n<!-- \/ Yoast SEO plugin. -->","yoast_head_json":{"robots":{"index":"noindex","follow":"follow","max-snippet":"max-snippet:-1","max-image-preview":"max-image-preview:large","max-video-preview":"max-video-preview:-1"},"og_locale":"de_DE","og_type":"article","og_title":"Krabbelpuschen - Bestickte Krabbelpuschen &amp; Schl\u00fcsselb\u00e4nder aus Leder","og_description":"Individualisierte Krabbelpuschen aus besticktem Leder Meine in 100% Handarbeit gefertigten Ledersch\u00fchchen sind\u00a0die gesunde Alternative zum Barfu\u00dflaufen! Dank der superweichen, flexiblen und rutschfesten Ledersohle sind sie bestens als Babysch\u00fchchen f\u00fcr die Kleinsten geeignet. Die F\u00fc\u00dfe werden gesch\u00fctzt und gew\u00e4rmt, ohne eingeengt zu sein. Das Leder passt sich individuell dem Fu\u00df an und gibt den Kindern ein [&hellip;]","og_url":"http:\/\/www.b-herz-t.de\/?page_id=29","og_site_name":"Bestickte Krabbelpuschen &amp; Schl\u00fcsselb\u00e4nder aus Leder","article_modified_time":"2020-07-06T13:16:24+00:00","twitter_card":"summary","twitter_misc":{"Gesch\u00e4tzte Lesezeit":"1\u00a0Minute"},"schema":{"@context":"https:\/\/schema.org","@graph":[{"@type":"WebSite","@id":"https:\/\/www.b-herz-t.de\/#website","url":"https:\/\/www.b-herz-t.de\/","name":"Bestickte Krabbelpuschen &amp; Schl\u00fcsselb\u00e4nder aus Leder","description":"Ideenschmiede &amp; Manufaktur individueller &amp; sch\u00f6ner Dinge aus Leder","potentialAction":[{"@type":"SearchAction","target":{"@type":"EntryPoint","urlTemplate":"https:\/\/www.b-herz-t.de\/?s={search_term_string}"},"query-input":"required name=search_term_string"}],"inLanguage":"de"},{"@type":"WebPage","@id":"http:\/\/www.b-herz-t.de\/?page_id=29#webpage","url":"http:\/\/www.b-herz-t.de\/?page_id=29","name":"Krabbelpuschen - Bestickte Krabbelpuschen &amp; Schl\u00fcsselb\u00e4nder aus Leder","isPartOf":{"@id":"https:\/\/www.b-herz-t.de\/#website"},"datePublished":"2016-08-29T15:48:12+00:00","dateModified":"2020-07-06T13:16:24+00:00","breadcrumb":{"@id":"http:\/\/www.b-herz-t.de\/?page_id=29#breadcrumb"},"inLanguage":"de","potentialAction":[{"@type":"ReadAction","target":["http:\/\/www.b-herz-t.de\/?page_id=29"]}]},{"@type":"BreadcrumbList","@id":"http:\/\/www.b-herz-t.de\/?page_id=29#breadcrumb","itemListElement":[{"@type":"ListItem","position":1,"name":"Startseite","item":"https:\/\/www.b-herz-t.de\/"},{"@type":"ListItem","position":2,"name":"Krabbelpuschen"}]}]}},"_links":{"self":[{"href":"https:\/\/www.b-herz-t.de\/index.php?rest_route=\/wp\/v2\/pages\/29"}],"collection":[{"href":"https:\/\/www.b-herz-t.de\/index.php?rest_route=\/wp\/v2\/pages"}],"about":[{"href":"https:\/\/www.b-herz-t.de\/index.php?rest_route=\/wp\/v2\/types\/page"}],"author":[{"embeddable":true,"href":"https:\/\/www.b-herz-t.de\/index.php?rest_route=\/wp\/v2\/users\/1"}],"replies":[{"embeddable":true,"href":"https:\/\/www.b-herz-t.de\/index.php?rest_route=%2Fwp%2Fv2%2Fcomments&post=29"}],"version-history":[{"count":19,"href":"https:\/\/www.b-herz-t.de\/index.php?rest_route=\/wp\/v2\/pages\/29\/revisions"}],"predecessor-version":[{"id":409,"href":"https:\/\/www.b-herz-t.de\/index.php?rest_route=\/wp\/v2\/pages\/29\/revisions\/409"}],"wp:attachment":[{"href":"https:\/\/www.b-herz-t.de\/index.php?rest_route=%2Fwp%2Fv2%2Fmedia&parent=29"}],"curies":[{"name":"wp","href":"https:\/\/api.w.org\/{rel}","templated":true}]}}