{"id":27,"date":"2016-08-29T17:47:17","date_gmt":"2016-08-29T15:47:17","guid":{"rendered":"http:\/\/www.b-herz-t.de\/?page_id=27"},"modified":"2016-09-16T14:28:15","modified_gmt":"2016-09-16T12:28:15","slug":"schluesselbaender","status":"publish","type":"page","link":"https:\/\/www.b-herz-t.de\/?page_id=27","title":{"rendered":"Schl\u00fcsselb\u00e4nder"},"content":{"rendered":"<h1 style=\"text-align: justify;\"><span style=\"color: #ff0000;\">Individualisierte Schl\u00fcsselb\u00e4nder aus besticktem Leder<\/span><\/h1>\n<p style=\"text-align: justify;\">Ebenfalls in 100% Handarbeit fertige ich die individuellen, bestickten Lederschl\u00fcsselb\u00e4nder. Wie bei den Krabbelpuschen verwende ich auch hier feinstes Leder. Entgegen anderer Hersteller \u00e4hnlich gearteter Schl\u00fcsselb\u00e4nder berechne ich einen einheitlichen Preis f\u00fcr die Stickerei, sodass eine &#8222;Magdalena&#8220; gegen\u00fcber einer &#8222;Eva&#8220; preislich nicht benachteiligt wird. \ud83d\ude09<\/p>\n<p style=\"text-align: justify;\">Gerne k\u00f6nnen auch hier kleine Stanzereien z.B. in Herz- oder Sternform mit eingearbeitet\u00a0werden.<\/p>\n<p style=\"text-align: justify;\">Die L\u00e4nge des Bandes wird \u00fcblicherweise durch die L\u00e4nge des Namen definiert. Nat\u00fcrlich kann aber auch hier vom &#8222;Standard&#8220; abgewichen werden.<\/p>\n<p style=\"text-align: justify;\">Den Abschluss des Schl\u00fcsselbandes stellt der Ring da, der &#8211; gerade in Bezug auf den Namen meiner Website &#8211;\u00a0 auch gerne in Herzform gew\u00e4hlt werden kann (wenn auch eher was f\u00fcr M\u00e4dels \ud83d\ude09 )<\/p>\n<p style=\"text-align: justify;\">Gerne setze ich Ihre\u00a0individuellen W\u00fcnsche* um, damit Sie Ihr perfektes,\u00a0individualisiertes Schl\u00fcsselband m\u00f6glichst bald schon in den H\u00e4nden halten k\u00f6nnen.<\/p>\n<p style=\"text-align: justify;\"><style type=\"text\/css\">\r\n\t#slgf_219 .gallery1 {\r\n\t\tdisplay: block !important;\r\n\t\twidth: 100% !important;\r\n\t\tmargin: 0 -5px !important; \/* Offset padding *\/\r\n\t}\r\n\t\r\n\t\/* Clearfix for container *\/\r\n\t#slgf_219 .gallery1:after {\r\n\t\tcontent: '';\r\n\t\tdisplay: block;\r\n\t\tclear: both;\r\n\t}\r\n\r\n\t#slgf_219 .wl-gallery {\r\n\t\tfloat: left !important;\r\n\t\tbox-sizing: border-box !important;\r\n\t\tpadding: 0 5px 10px 5px !important; \/* Horizontal padding + bottom margin *\/\r\n\t\tmargin: 0 !important;\r\n\t}\r\n\r\n\t\/* Two Column Layout *\/\r\n\t#slgf_219 .col-md-6 {\r\n\t\twidth: 50% !important;\r\n\t}\r\n\r\n\t\/* Three Column Layout *\/\r\n\t#slgf_219 .col-md-4 {\r\n\t\twidth: 33.33% !important;\r\n\t}\r\n\r\n\t#slgf_219 .col-md-3 {\r\n\t\twidth: 25% !important;\r\n\t}\r\n\r\n\t#slgf_219 .col-md-2 {\r\n\t\twidth: 16.66% !important;\r\n\t}\r\n\r\n\t#slgf_219 .b-link-stroke .b-top-line {\r\n\t\tbackground: rgba(10, 194, 210, 0.5);\r\n\t}\r\n\r\n\t#slgf_219 .b-link-stroke .b-bottom-line {\r\n\t\tbackground: rgba(10, 194, 210, 0.5);\r\n\t}\r\n\r\n\t#slgf_219 .b-wrapper {\r\n\t\tfont-family: font-name;\r\n\t}\r\n\r\n\t#slgf_219 .slgf_home_portfolio_caption {\r\n\t\tbackground: #FFFFFF;\r\n\t}\r\n\r\n\t#slgf_219 .slgf_home_portfolio_caption h3 {\r\n\t\tcolor: #000000;\r\n\t}\r\n\r\n\t#slgf_219 .slg_title_class {\r\n\t\tfont-weight: bolder;\r\n\t\tpadding-bottom: 20px;\r\n\t\tborder-bottom: 2px solid #cccccc;\r\n\t\tmargin-bottom: 20px;\r\n\t\tfont-family: font-name;\r\n\t\tcolor: #2271b1;\r\n\t}\r\n\t.fnf {\r\n\tbackground-color: #a92929;\r\n\tborder-radius: 5px;\r\n\tcolor: #fff;\r\n\tfont-family: initial;\r\n\ttext-align: center;\r\n\tpadding: 12px;\r\n\t}\r\n\t#slgf_219 .img-box-shadow { box-shadow: 0 0 6px rgba(0, 0, 0, .7); }<\/style>\t\r\n\t<div class=\"gal-container\" id=\"slgf_219\">\r\n\t\t\t\t\t<!--get the post id-->\r\n\t\t\t\r\n\t\t\t<!--Gallery Title-->\r\n\t\t\t\t\t\t\t<div class=\"slg_title_class\">\r\n\t\t\t\t\tFoto Gallerie Schl\u00fcsselb\u00e4nder\t\t\t\t<\/div>\r\n\t\t\t\t\t\t<div class=\"row\">\r\n\r\n\t\t\t\t<div class=\"gallery1 lightgallery_219\">\r\n\t\t\t\t\t\t\t\t\t<\/div>\r\n\t\t\t<\/div>\r\n\t\t\t<\/div>\r\n\r\n\t<!-- Swipe Box-->\r\n\t<\/p>\n<p style=\"text-align: justify;\"><span><a href=\"?page_id=36\" target=\"\" class=\"progression-small or progression-medium or progression-large progression-grey\">Kontakt\u00a0aufnehmen<\/a><\/span><\/p>\n<hr \/>\n<p style=\"text-align: justify;\">*sofern rechtlich und technisch m\u00f6glich!<\/p>\n","protected":false},"excerpt":{"rendered":"<p>Individualisierte Schl\u00fcsselb\u00e4nder aus besticktem Leder Ebenfalls in 100% Handarbeit fertige ich die individuellen, bestickten Lederschl\u00fcsselb\u00e4nder. Wie bei den Krabbelpuschen verwende ich auch hier feinstes Leder. Entgegen anderer Hersteller \u00e4hnlich gearteter Schl\u00fcsselb\u00e4nder berechne ich einen einheitlichen Preis f\u00fcr die Stickerei, sodass eine &#8222;Magdalena&#8220; gegen\u00fcber einer &#8222;Eva&#8220; preislich nicht benachteiligt wird. \ud83d\ude09 Gerne k\u00f6nnen auch hier kleine [&hellip;]<\/p>\n","protected":false},"author":1,"featured_media":0,"parent":0,"menu_order":0,"comment_status":"closed","ping_status":"closed","template":"","meta":[],"yoast_head":"<!-- This site is optimized with the Yoast SEO plugin v17.9 - https:\/\/yoast.com\/wordpress\/plugins\/seo\/ -->\n<meta name=\"robots\" content=\"noindex, follow, max-snippet:-1, max-image-preview:large, max-video-preview:-1\" \/>\n<meta property=\"og:locale\" content=\"de_DE\" \/>\n<meta property=\"og:type\" content=\"article\" \/>\n<meta property=\"og:title\" content=\"Schl\u00fcsselb\u00e4nder - Bestickte Krabbelpuschen &amp; Schl\u00fcsselb\u00e4nder aus Leder\" \/>\n<meta property=\"og:description\" content=\"Individualisierte Schl\u00fcsselb\u00e4nder aus besticktem Leder Ebenfalls in 100% Handarbeit fertige ich die individuellen, bestickten Lederschl\u00fcsselb\u00e4nder. Wie bei den Krabbelpuschen verwende ich auch hier feinstes Leder. Entgegen anderer Hersteller \u00e4hnlich gearteter Schl\u00fcsselb\u00e4nder berechne ich einen einheitlichen Preis f\u00fcr die Stickerei, sodass eine &#8222;Magdalena&#8220; gegen\u00fcber einer &#8222;Eva&#8220; preislich nicht benachteiligt wird. \ud83d\ude09 Gerne k\u00f6nnen auch hier kleine [&hellip;]\" \/>\n<meta property=\"og:url\" content=\"https:\/\/www.b-herz-t.de\/?page_id=27\" \/>\n<meta property=\"og:site_name\" content=\"Bestickte Krabbelpuschen &amp; Schl\u00fcsselb\u00e4nder aus Leder\" \/>\n<meta property=\"article:modified_time\" content=\"2016-09-16T12:28:15+00:00\" \/>\n<meta name=\"twitter:card\" content=\"summary\" \/>\n<meta name=\"twitter:label1\" content=\"Gesch\u00e4tzte Lesezeit\" \/>\n\t<meta name=\"twitter:data1\" content=\"1\u00a0Minute\" \/>\n<script type=\"application\/ld+json\" class=\"yoast-schema-graph\">{\"@context\":\"https:\/\/schema.org\",\"@graph\":[{\"@type\":\"WebSite\",\"@id\":\"https:\/\/www.b-herz-t.de\/#website\",\"url\":\"https:\/\/www.b-herz-t.de\/\",\"name\":\"Bestickte Krabbelpuschen &amp; Schl\\u00fcsselb\\u00e4nder aus Leder\",\"description\":\"Ideenschmiede &amp; Manufaktur individueller &amp; sch\\u00f6ner Dinge aus Leder\",\"potentialAction\":[{\"@type\":\"SearchAction\",\"target\":{\"@type\":\"EntryPoint\",\"urlTemplate\":\"https:\/\/www.b-herz-t.de\/?s={search_term_string}\"},\"query-input\":\"required name=search_term_string\"}],\"inLanguage\":\"de\"},{\"@type\":\"WebPage\",\"@id\":\"https:\/\/www.b-herz-t.de\/?page_id=27#webpage\",\"url\":\"https:\/\/www.b-herz-t.de\/?page_id=27\",\"name\":\"Schl\\u00fcsselb\\u00e4nder - Bestickte Krabbelpuschen &amp; Schl\\u00fcsselb\\u00e4nder aus Leder\",\"isPartOf\":{\"@id\":\"https:\/\/www.b-herz-t.de\/#website\"},\"datePublished\":\"2016-08-29T15:47:17+00:00\",\"dateModified\":\"2016-09-16T12:28:15+00:00\",\"breadcrumb\":{\"@id\":\"https:\/\/www.b-herz-t.de\/?page_id=27#breadcrumb\"},\"inLanguage\":\"de\",\"potentialAction\":[{\"@type\":\"ReadAction\",\"target\":[\"https:\/\/www.b-herz-t.de\/?page_id=27\"]}]},{\"@type\":\"BreadcrumbList\",\"@id\":\"https:\/\/www.b-herz-t.de\/?page_id=27#breadcrumb\",\"itemListElement\":[{\"@type\":\"ListItem\",\"position\":1,\"name\":\"Startseite\",\"item\":\"https:\/\/www.b-herz-t.de\/\"},{\"@type\":\"ListItem\",\"position\":2,\"name\":\"Schl\\u00fcsselb\\u00e4nder\"}]}]}<\/script>\n<!-- \/ Yoast SEO plugin. -->","yoast_head_json":{"robots":{"index":"noindex","follow":"follow","max-snippet":"max-snippet:-1","max-image-preview":"max-image-preview:large","max-video-preview":"max-video-preview:-1"},"og_locale":"de_DE","og_type":"article","og_title":"Schl\u00fcsselb\u00e4nder - Bestickte Krabbelpuschen &amp; Schl\u00fcsselb\u00e4nder aus Leder","og_description":"Individualisierte Schl\u00fcsselb\u00e4nder aus besticktem Leder Ebenfalls in 100% Handarbeit fertige ich die individuellen, bestickten Lederschl\u00fcsselb\u00e4nder. Wie bei den Krabbelpuschen verwende ich auch hier feinstes Leder. Entgegen anderer Hersteller \u00e4hnlich gearteter Schl\u00fcsselb\u00e4nder berechne ich einen einheitlichen Preis f\u00fcr die Stickerei, sodass eine &#8222;Magdalena&#8220; gegen\u00fcber einer &#8222;Eva&#8220; preislich nicht benachteiligt wird. \ud83d\ude09 Gerne k\u00f6nnen auch hier kleine [&hellip;]","og_url":"https:\/\/www.b-herz-t.de\/?page_id=27","og_site_name":"Bestickte Krabbelpuschen &amp; Schl\u00fcsselb\u00e4nder aus Leder","article_modified_time":"2016-09-16T12:28:15+00:00","twitter_card":"summary","twitter_misc":{"Gesch\u00e4tzte Lesezeit":"1\u00a0Minute"},"schema":{"@context":"https:\/\/schema.org","@graph":[{"@type":"WebSite","@id":"https:\/\/www.b-herz-t.de\/#website","url":"https:\/\/www.b-herz-t.de\/","name":"Bestickte Krabbelpuschen &amp; Schl\u00fcsselb\u00e4nder aus Leder","description":"Ideenschmiede &amp; Manufaktur individueller &amp; sch\u00f6ner Dinge aus Leder","potentialAction":[{"@type":"SearchAction","target":{"@type":"EntryPoint","urlTemplate":"https:\/\/www.b-herz-t.de\/?s={search_term_string}"},"query-input":"required name=search_term_string"}],"inLanguage":"de"},{"@type":"WebPage","@id":"https:\/\/www.b-herz-t.de\/?page_id=27#webpage","url":"https:\/\/www.b-herz-t.de\/?page_id=27","name":"Schl\u00fcsselb\u00e4nder - Bestickte Krabbelpuschen &amp; Schl\u00fcsselb\u00e4nder aus Leder","isPartOf":{"@id":"https:\/\/www.b-herz-t.de\/#website"},"datePublished":"2016-08-29T15:47:17+00:00","dateModified":"2016-09-16T12:28:15+00:00","breadcrumb":{"@id":"https:\/\/www.b-herz-t.de\/?page_id=27#breadcrumb"},"inLanguage":"de","potentialAction":[{"@type":"ReadAction","target":["https:\/\/www.b-herz-t.de\/?page_id=27"]}]},{"@type":"BreadcrumbList","@id":"https:\/\/www.b-herz-t.de\/?page_id=27#breadcrumb","itemListElement":[{"@type":"ListItem","position":1,"name":"Startseite","item":"https:\/\/www.b-herz-t.de\/"},{"@type":"ListItem","position":2,"name":"Schl\u00fcsselb\u00e4nder"}]}]}},"_links":{"self":[{"href":"https:\/\/www.b-herz-t.de\/index.php?rest_route=\/wp\/v2\/pages\/27"}],"collection":[{"href":"https:\/\/www.b-herz-t.de\/index.php?rest_route=\/wp\/v2\/pages"}],"about":[{"href":"https:\/\/www.b-herz-t.de\/index.php?rest_route=\/wp\/v2\/types\/page"}],"author":[{"embeddable":true,"href":"https:\/\/www.b-herz-t.de\/index.php?rest_route=\/wp\/v2\/users\/1"}],"replies":[{"embeddable":true,"href":"https:\/\/www.b-herz-t.de\/index.php?rest_route=%2Fwp%2Fv2%2Fcomments&post=27"}],"version-history":[{"count":13,"href":"https:\/\/www.b-herz-t.de\/index.php?rest_route=\/wp\/v2\/pages\/27\/revisions"}],"predecessor-version":[{"id":249,"href":"https:\/\/www.b-herz-t.de\/index.php?rest_route=\/wp\/v2\/pages\/27\/revisions\/249"}],"wp:attachment":[{"href":"https:\/\/www.b-herz-t.de\/index.php?rest_route=%2Fwp%2Fv2%2Fmedia&parent=27"}],"curies":[{"name":"wp","href":"https:\/\/api.w.org\/{rel}","templated":true}]}}